{"id":96,"date":"2026-01-04T06:35:20","date_gmt":"2026-01-04T06:35:20","guid":{"rendered":"https:\/\/werktraum33.at\/shop\/?post_type=product&#038;p=96"},"modified":"2026-03-10T17:45:37","modified_gmt":"2026-03-10T16:45:37","slug":"geschenkverpackung-tasse","status":"publish","type":"product","link":"https:\/\/werktraum33.at\/shop\/produkt\/geschenkverpackung-tasse\/","title":{"rendered":"Geschenkverpackung Keramik-Tasse"},"content":{"rendered":"<h4>Stilvolle Geschenkverpackung f\u00fcr Keramiktassen<\/h4>\n<div>Verleihe deinem Geschenk den perfekten Rahmen!<\/div>\n<div>Unsere hochwertige <strong>Geschenkverpackung f\u00fcr Keramiktassen<\/strong> besteht aus stabilem Karton mit praktischem <strong>Sichtfenster<\/strong>, um das Design der Tasse elegant in Szene zu setzen.<\/div>\n<div>Ein dekoratives <strong>Band<\/strong> rundet die Pr\u00e4sentation ab und macht dein Geschenk zu einem echten Hingucker.<\/div>\n<div>Ideal f\u00fcr Geburtstage, Jubil\u00e4en oder besondere Anl\u00e4sse.<\/div>\n<div><\/div>\n<div>Bitte beachte, dass diese Geschenkverpackung nur gemeinsam mit einer Keramiktasse erworben werden kann.<br \/>\nHier findest du die Produkte:<\/div>\n<ul>\n<li><a href=\"https:\/\/werktraum33.at\/shop\/produkt\/keramik-tasse-personalisiert-mit-geschenkverpackung\/\">Keramiktasse personalisiert mit Geschenkverpackung<\/a><\/li>\n<li><a href=\"https:\/\/werktraum33.at\/shop\/produkt\/keramik-tasse-personalisiert\/\">Keramiktasse Gamer mit Geschenkverpackung<\/a><\/li>\n<\/ul>\n","protected":false},"excerpt":{"rendered":"<h4>Stilvolle Geschenkverpackung f\u00fcr Keramiktassen<\/h4>\n<div>Verleihe deinem Geschenk den perfekten Rahmen!<\/div>\n<div>Unsere hochwertige <strong>Geschenkverpackung f\u00fcr Keramiktassen<\/strong> besteht aus stabilem Karton mit praktischem <strong>Sichtfenster<\/strong>, um das Design der Tasse elegant in Szene zu setzen.<\/div>\n<div>Ein dekoratives <strong>Band<\/strong> rundet die Pr\u00e4sentation ab und macht dein Geschenk zu einem echten Hingucker.<\/div>\n<div>Ideal f\u00fcr Geburtstage, Jubil\u00e4en oder besondere Anl\u00e4sse.<\/div>\n<div><\/div>\n<div>Bitte beachte, dass diese Geschenkverpackung nur gemeinsam mit einer Keramiktasse erworben werden kann.<br \/>\nHier findest du die Produkte:<\/div>\n<ul>\n<li><a href=\"https:\/\/werktraum33.at\/shop\/produkt\/keramik-tasse-personalisiert-mit-geschenkverpackung\/\">Keramiktasse personalisiert mit Geschenkverpackung<\/a><\/li>\n<li><a href=\"https:\/\/werktraum33.at\/shop\/produkt\/keramik-tasse-personalisiert\/\">Keramiktasse Gamer mit Geschenkverpackung<\/a><\/li>\n<\/ul>\n","protected":false},"featured_media":410,"comment_status":"open","ping_status":"closed","template":"","meta":[],"product_brand":[],"product_cat":[40],"product_tag":[191],"class_list":{"0":"post-96","1":"product","2":"type-product","3":"status-publish","4":"has-post-thumbnail","6":"product_cat-haeferl","7":"product_tag-geschenkverpackung-tasse","8":"product_shipping_class-versandtasche_textil","10":"first","11":"instock","12":"shipping-taxable","13":"purchasable","14":"product-type-simple"},"aioseo_notices":[],"_links":{"self":[{"href":"https:\/\/werktraum33.at\/shop\/wp-json\/wp\/v2\/product\/96","targetHints":{"allow":["GET"]}}],"collection":[{"href":"https:\/\/werktraum33.at\/shop\/wp-json\/wp\/v2\/product"}],"about":[{"href":"https:\/\/werktraum33.at\/shop\/wp-json\/wp\/v2\/types\/product"}],"replies":[{"embeddable":true,"href":"https:\/\/werktraum33.at\/shop\/wp-json\/wp\/v2\/comments?post=96"}],"wp:featuredmedia":[{"embeddable":true,"href":"https:\/\/werktraum33.at\/shop\/wp-json\/wp\/v2\/media\/410"}],"wp:attachment":[{"href":"https:\/\/werktraum33.at\/shop\/wp-json\/wp\/v2\/media?parent=96"}],"wp:term":[{"taxonomy":"product_brand","embeddable":true,"href":"https:\/\/werktraum33.at\/shop\/wp-json\/wp\/v2\/product_brand?post=96"},{"taxonomy":"product_cat","embeddable":true,"href":"https:\/\/werktraum33.at\/shop\/wp-json\/wp\/v2\/product_cat?post=96"},{"taxonomy":"product_tag","embeddable":true,"href":"https:\/\/werktraum33.at\/shop\/wp-json\/wp\/v2\/product_tag?post=96"}],"curies":[{"name":"wp","href":"https:\/\/api.w.org\/{rel}","templated":true}]}}