{"id":691,"date":"2026-01-31T15:31:46","date_gmt":"2026-01-31T14:31:46","guid":{"rendered":"https:\/\/werktraum33.at\/shop\/?post_type=product&#038;p=691"},"modified":"2026-04-06T11:05:44","modified_gmt":"2026-04-06T09:05:44","slug":"bauernhof-tiere-tasse","status":"publish","type":"product","link":"https:\/\/werktraum33.at\/shop\/produkt\/bauernhof-tiere-tasse\/","title":{"rendered":"Bauernhof Tiere Kollektion &#8211; Keramik-Tasse"},"content":{"rendered":"<h2 class=\"Y3BBE\" data-sfc-root=\"c\" data-hveid=\"CAEICBAA\" data-complete=\"true\" data-processed=\"true\"><strong class=\"Yjhzub\" data-sfc-root=\"c\" data-sfc-cb=\"\" data-complete=\"true\" data-processed=\"true\">Dein tierischer Begleiter f\u00fcr jeden Moment \u2013 entdecke die Bauernhof Tiere Kollektion<\/strong><\/h2>\n<div class=\"Y3BBE\" data-sfc-cp=\"\" data-sfc-root=\"c\" data-sfc-cb=\"\" data-hveid=\"CAEICRAA\" data-complete=\"true\" data-processed=\"true\">Ob f\u00fcr den gro\u00dfen Durst am Morgen oder den kleinen Espresso zwischendurch: unsere handveredelten H\u00e4ferl von <strong class=\"Yjhzub\" data-sfc-root=\"c\" data-sfc-cb=\"\" data-complete=\"true\" data-processed=\"true\">werktraum33<\/strong> bringen die Natur direkt an deinen Tisch.<br \/>\nDu hast die Wahl zwischen zwei Gr\u00f6\u00dfen und einer Vielzahl an liebevollen Designs, die jedes Herz h\u00f6herschlagen lassen.<\/div>\n<h3 class=\"Y3BBE\" data-sfc-root=\"c\" data-hveid=\"CAEIChAA\" data-complete=\"true\" data-processed=\"true\"><strong class=\"Yjhzub\" data-sfc-root=\"c\" data-sfc-cb=\"\" data-complete=\"true\" data-processed=\"true\">W\u00e4hle dein Lieblings-Motiv:<\/strong><\/h3>\n<ul class=\"KsbFXc U6u95\" data-sfc-root=\"c\" data-sfc-cb=\"\" data-complete=\"true\" data-processed=\"true\">\n<li class=\"dF3vjf\" data-sfc-root=\"c\" data-sfc-cb=\"\" data-hveid=\"CAEICxAA\" data-complete=\"true\" data-sae=\"\"><span class=\"T286Pc\" data-sfc-cp=\"\" data-sfc-root=\"c\" data-sfc-cb=\"\" data-complete=\"true\">tanzendes Schaf in der Blumenwiese<\/span><\/li>\n<li data-sfc-root=\"c\" data-sfc-cb=\"\" data-hveid=\"CAEICxAA\" data-complete=\"true\" data-sae=\"\">lachende Katze<\/li>\n<li data-sfc-root=\"c\" data-sfc-cb=\"\" data-hveid=\"CAEICxAA\" data-complete=\"true\" data-sae=\"\">Schwein mit Blumenkorb<\/li>\n<li data-sfc-root=\"c\" data-sfc-cb=\"\" data-hveid=\"CAEICxAA\" data-complete=\"true\" data-sae=\"\">s\u00fc\u00dfer Hase<\/li>\n<li data-sfc-root=\"c\" data-sfc-cb=\"\" data-hveid=\"CAEICxAA\" data-complete=\"true\" data-sae=\"\">Kuh<\/li>\n<li data-sfc-root=\"c\" data-sfc-cb=\"\" data-hveid=\"CAEICxAA\" data-complete=\"true\" data-sae=\"\">Baby-Eule<\/li>\n<\/ul>\n<h3 class=\"Y3BBE\" data-sfc-root=\"c\" data-hveid=\"CAEIDBAA\" data-complete=\"true\" data-processed=\"true\"><strong class=\"Yjhzub\" data-sfc-root=\"c\" data-sfc-cb=\"\" data-complete=\"true\" data-processed=\"true\">Zwei Gr\u00f6\u00dfen f\u00fcr dein Ritual:<\/strong><\/h3>\n<ul class=\"KsbFXc U6u95\" data-sfc-root=\"c\" data-sfc-cb=\"\" data-complete=\"true\" data-processed=\"true\">\n<li class=\"dF3vjf\" data-sfc-root=\"c\" data-sfc-cb=\"\" data-hveid=\"CAEIDRAA\" data-complete=\"true\" data-sae=\"\"><span class=\"T286Pc\" data-sfc-cp=\"\" data-sfc-root=\"c\" data-sfc-cb=\"\" data-complete=\"true\"><strong class=\"Yjhzub\" data-sfc-root=\"c\" data-sfc-cb=\"\" data-complete=\"true\">6 oz (ca. 180 ml):<\/strong> die perfekte Gr\u00f6\u00dfe f\u00fcr Kinderh\u00e4nde oder den schnellen Koffein-Kick (Espresso\/kleiner Brauner).<\/span><\/li>\n<li class=\"dF3vjf\" data-sfc-root=\"c\" data-sfc-cb=\"\" data-hveid=\"CAEIDRAB\" data-complete=\"true\" data-sae=\"\"><span class=\"T286Pc\" data-sfc-cp=\"\" data-sfc-root=\"c\" data-sfc-cb=\"\" data-complete=\"true\"><strong class=\"Yjhzub\" data-sfc-root=\"c\" data-sfc-cb=\"\" data-complete=\"true\">11 oz (ca. 350 ml):<\/strong> der klassische Becher f\u00fcr Kaffee, Tee oder dein Lieblingsgetr\u00e4nk.<\/span><\/li>\n<\/ul>\n<h3 class=\"Y3BBE\" data-sfc-root=\"c\" data-hveid=\"CAEIDhAA\" data-complete=\"true\" data-processed=\"true\"><strong class=\"Yjhzub\" data-sfc-root=\"c\" data-sfc-cb=\"\" data-complete=\"true\" data-processed=\"true\">Qualit\u00e4t, die bleibt:<\/strong><\/h3>\n<p class=\"Y3BBE\" data-sfc-root=\"c\" data-hveid=\"CAEIDhAA\" data-complete=\"true\" data-processed=\"true\">Jedes H\u00e4ferl wird mittels hochwertiger Sublimationstechnik veredelt. Das bedeutet f\u00fcr dich:<\/p>\n<ul class=\"KsbFXc U6u95\" data-sfc-root=\"c\" data-sfc-cb=\"\" data-complete=\"true\" data-processed=\"true\">\n<li class=\"dF3vjf\" data-sfc-root=\"c\" data-sfc-cb=\"\" data-hveid=\"CAEIDxAA\" data-complete=\"true\" data-sae=\"\"><span class=\"T286Pc\" data-sfc-cp=\"\" data-sfc-root=\"c\" data-sfc-cb=\"\" data-complete=\"true\"><strong class=\"Yjhzub\" data-sfc-root=\"c\" data-sfc-cb=\"\" data-complete=\"true\">Langlebig &amp; farbecht:<\/strong> kein Verblassen, auch nach vielen Sp\u00fclg\u00e4ngen.<\/span><\/li>\n<li class=\"dF3vjf\" data-sfc-root=\"c\" data-sfc-cb=\"\" data-hveid=\"CAEIDxAB\" data-complete=\"true\" data-sae=\"\"><span class=\"T286Pc\" data-sfc-cp=\"\" data-sfc-root=\"c\" data-sfc-cb=\"\" data-complete=\"true\"><strong class=\"Yjhzub\" data-sfc-root=\"c\" data-sfc-cb=\"\" data-complete=\"true\">Alltagstauglich:<\/strong>\u00a0100 % sp\u00fclmaschinenfest und mikrowellengeeignet.<\/span><\/li>\n<li class=\"dF3vjf\" data-sfc-root=\"c\" data-sfc-cb=\"\" data-hveid=\"CAEIDxAC\" data-complete=\"true\" data-sae=\"\"><span class=\"T286Pc\" data-sfc-cp=\"\" data-sfc-root=\"c\" data-sfc-cb=\"\" data-complete=\"true\"><strong class=\"Yjhzub\" data-sfc-root=\"c\" data-sfc-cb=\"\" data-complete=\"true\">Hochwertige Keramik:<\/strong> angenehmes Trinkgef\u00fchl durch eine gl\u00e4nzende, robuste Oberfl\u00e4che.<\/span><\/li>\n<\/ul>\n<div class=\"Y3BBE\" data-sfc-cp=\"\" data-sfc-root=\"c\" data-sfc-cb=\"\" data-hveid=\"CAEIEBAA\" data-complete=\"true\" data-processed=\"true\"><strong class=\"Yjhzub\" data-sfc-root=\"c\" data-sfc-cb=\"\" data-complete=\"true\" data-processed=\"true\">Produktdetails auf einen Blick:<\/strong><\/div>\n<ul class=\"KsbFXc U6u95\" data-sfc-root=\"c\" data-sfc-cb=\"\" data-complete=\"true\" data-processed=\"true\">\n<li class=\"dF3vjf\" data-sfc-root=\"c\" data-sfc-cb=\"\" data-hveid=\"CAEIERAA\" data-complete=\"true\" data-sae=\"\"><span class=\"T286Pc\" data-sfc-cp=\"\" data-sfc-root=\"c\" data-sfc-cb=\"\" data-complete=\"true\"><strong class=\"Yjhzub\" data-sfc-root=\"c\" data-sfc-cb=\"\" data-complete=\"true\">Material:<\/strong>\u00a0Qualit\u00e4ts-Keramik, wei\u00df gl\u00e4nzend.<\/span><\/li>\n<li class=\"dF3vjf\" data-sfc-root=\"c\" data-sfc-cb=\"\" data-hveid=\"CAEIERAB\" data-complete=\"true\" data-sae=\"\"><span class=\"T286Pc\" data-sfc-cp=\"\" data-sfc-root=\"c\" data-sfc-cb=\"\" data-complete=\"true\"><strong class=\"Yjhzub\" data-sfc-root=\"c\" data-sfc-cb=\"\" data-complete=\"true\">Veredelung:<\/strong>\u00a0Brillanter Sublimationsdruck von werktraum33.<\/span><\/li>\n<li class=\"dF3vjf\" data-sfc-root=\"c\" data-sfc-cb=\"\" data-hveid=\"CAEIERAC\" data-complete=\"true\" data-sae=\"\"><span class=\"T286Pc\" data-sfc-cp=\"\" data-sfc-root=\"c\" data-sfc-cb=\"\" data-complete=\"true\"><strong class=\"Yjhzub\" data-sfc-root=\"c\" data-sfc-cb=\"\" data-complete=\"true\">Gr\u00f6\u00dfen:<\/strong>\u00a0180 ml (6 oz) oder 350 ml (11 oz).<\/span><\/li>\n<li class=\"dF3vjf\" data-sfc-root=\"c\" data-sfc-cb=\"\" data-hveid=\"CAEIERAD\" data-complete=\"true\" data-sae=\"\"><span class=\"T286Pc\" data-sfc-cp=\"\" data-sfc-root=\"c\" data-sfc-cb=\"\" data-complete=\"true\"><strong class=\"Yjhzub\" data-sfc-root=\"c\" data-sfc-cb=\"\" data-complete=\"true\">Pflege:<\/strong> Sp\u00fclmaschinenfest &amp; mikrowellentauglich.<\/span><\/li>\n<\/ul>\n<div class=\"Y3BBE\" data-sfc-cp=\"\" data-sfc-root=\"c\" data-sfc-cb=\"\" data-hveid=\"CAEIEhAA\" data-complete=\"true\" data-processed=\"true\"><strong class=\"Yjhzub\" data-sfc-root=\"c\" data-sfc-cb=\"\" data-complete=\"true\" data-processed=\"true\" aria-owns=\"action-menu-parent-container\">Finde jetzt dein neues Lieblings-H\u00e4ferl oder stelle dir dein individuelles Set aus Hase, Eule &amp; Co. zusammen!<\/strong><\/div>\n<div>\n<div>\n<p>Weitere Informationen findest du auch in unseren <a title=\"FAQ - H\u00e4ufige Fragen und Antworten rund um unsere Produkte\" href=\"https:\/\/werktraum33.at\/shop\/faq\/\" target=\"_blank\" rel=\"noopener\">FAQs<\/a>.<\/p>\n<\/div>\n<\/div>\n","protected":false},"excerpt":{"rendered":"<div>H\u00e4ferl-Gl\u00fcck f\u00fcr jeden Moment: Entdecke die Bauernhof Tiere Kollektion!<\/div>\n<div>W\u00e4hle aus verschiedenen verspielten Tiermotiven.<\/div>\n<div>Ob als 180 ml Espresso-Becher oder klassisches 350 ml H\u00e4ferl \u2013 langlebig sublimiert, sp\u00fclmaschinenfest und mikrowellengeeignet.<\/div>\n<div>Hol dir dein Unikat von werktraum33!<\/div>\n<div><\/div>\n<div>Optional mit <a href=\"https:\/\/werktraum33.at\/shop\/produkt\/geschenkverpackung-tasse\/\">Geschenkverpackung<\/a> f\u00fcr die gro\u00dfe Keramik-Tasse.<\/div>\n","protected":false},"featured_media":1436,"comment_status":"open","ping_status":"closed","template":"","meta":[],"product_brand":[],"product_cat":[40],"product_tag":[268,264,265],"class_list":{"0":"post-691","1":"product","2":"type-product","3":"status-publish","4":"has-post-thumbnail","6":"product_cat-haeferl","7":"product_tag-bauernhoftiere","8":"product_tag-haeferl-mit-tiermotiv","9":"product_tag-line-art-schmetterling","10":"product_shipping_class-paket50","12":"first","13":"instock","14":"shipping-taxable","15":"purchasable","16":"product-type-variable"},"aioseo_notices":[],"_links":{"self":[{"href":"https:\/\/werktraum33.at\/shop\/wp-json\/wp\/v2\/product\/691","targetHints":{"allow":["GET"]}}],"collection":[{"href":"https:\/\/werktraum33.at\/shop\/wp-json\/wp\/v2\/product"}],"about":[{"href":"https:\/\/werktraum33.at\/shop\/wp-json\/wp\/v2\/types\/product"}],"replies":[{"embeddable":true,"href":"https:\/\/werktraum33.at\/shop\/wp-json\/wp\/v2\/comments?post=691"}],"wp:featuredmedia":[{"embeddable":true,"href":"https:\/\/werktraum33.at\/shop\/wp-json\/wp\/v2\/media\/1436"}],"wp:attachment":[{"href":"https:\/\/werktraum33.at\/shop\/wp-json\/wp\/v2\/media?parent=691"}],"wp:term":[{"taxonomy":"product_brand","embeddable":true,"href":"https:\/\/werktraum33.at\/shop\/wp-json\/wp\/v2\/product_brand?post=691"},{"taxonomy":"product_cat","embeddable":true,"href":"https:\/\/werktraum33.at\/shop\/wp-json\/wp\/v2\/product_cat?post=691"},{"taxonomy":"product_tag","embeddable":true,"href":"https:\/\/werktraum33.at\/shop\/wp-json\/wp\/v2\/product_tag?post=691"}],"curies":[{"name":"wp","href":"https:\/\/api.w.org\/{rel}","templated":true}]}}