{"id":627,"date":"2026-01-30T17:09:25","date_gmt":"2026-01-30T16:09:25","guid":{"rendered":"https:\/\/werktraum33.at\/shop\/?post_type=product&#038;p=627"},"modified":"2026-04-27T05:41:11","modified_gmt":"2026-04-27T03:41:11","slug":"midi-baby-willkommensbox-personalisierte-geschenkbox-mit-bio-baumwoll-body-spucktuechern-accessoires","status":"publish","type":"product","link":"https:\/\/werktraum33.at\/shop\/produkt\/midi-baby-willkommensbox-personalisierte-geschenkbox-mit-bio-baumwoll-body-spucktuechern-accessoires\/","title":{"rendered":"Babybox Midi"},"content":{"rendered":"<div>Die <strong>Babybox Midi<\/strong>\u00a0ist das ideale Geschenk zur Geburt und bietet eine liebevoll zusammengestellte Auswahl hochwertiger Baby\u2011Accessoires\u2013 perfekt f\u00fcr Neugeborene und frischgebackene Eltern.<\/div>\n<div>Die Midi\u2011Box wird in einer stilvollen <strong>Geschenkverpackung mit Sichtfenster<\/strong> pr\u00e4sentiert. So l\u00e4sst sich der Inhalt bereits von au\u00dfen bewundern und das Geschenk wirkt direkt besonders hochwertig.<\/div>\n<div>\n<h4><strong>Was die Babybox Midi so besonders macht<\/strong><\/h4>\n<div>\n<p>Die Babybox Midi \u00fcberzeugt durch ihre sch\u00f6ne, moderne Pr\u00e4sentation und die sorgf\u00e4ltig ausgew\u00e4hlten Babyprodukte, die sowohl praktisch als auch emotional wertvoll sind.<br \/>\nDie ansprechende Geschenkverpackung macht sie zu einer idealen Wahl f\u00fcr alle, die ein pers\u00f6nliches, geschmackvolles Babygeschenk suchen.<\/p>\n<p>Jede Box wird mit viel Liebe zusammengestellt und enth\u00e4lt alles, was ein rundum gelungenes Willkommensgeschenk ausmacht.<br \/>\nDie hochwertige Verpackung mit Sichtfenster verleiht der Babybox eine elegante Optik und macht sie zu einem echten Blickfang.<\/p>\n<\/div>\n<h3><strong>Inhalt der Babybox Midi<\/strong><\/h3>\n<div>\n<h3><strong>1. Baby Langarm\u2011 oder Kurzarm-Body aus Bio\u2011Baumwolle<\/strong><\/h3>\n<ul>\n<li>Gr\u00f6\u00dfe 62, perfekt f\u00fcr die ersten Wochen und Monate<\/li>\n<li>99\u202f% gek\u00e4mmte Bio\u2011Baumwolle, 1\u202f% Elasthan<\/li>\n<li>wahlweise mit <strong>rosa oder blauem B\u00e4ren\u2011Motiv<\/strong><\/li>\n<li>weich, atmungsaktiv und sanft zur empfindlichen Babyhaut<\/li>\n<li>Regular Fit f\u00fcr maximalen Komfort und Bewegungsfreiheit<\/li>\n<li>Waschbar bis maximal 40\u00b0 um den Druck zu schonen. Siehe auch unsere Pflegehinweise.<\/li>\n<\/ul>\n<h3><strong>2. Zwei personalisierte Spuckt\u00fccher<\/strong><\/h3>\n<ul>\n<li>wird durch den Wunschnamen zu einem pers\u00f6nlichen Unikat f\u00fcr den kleinen Schatz.<\/li>\n<\/ul>\n<h3><strong>3. Ein personalisierter Waschlappen<\/strong><\/h3>\n<ul>\n<li>mit dem Namen des Kindes individuell personalisiert<\/li>\n<li>Weich, saugstark und ideal f\u00fcr die t\u00e4gliche Pflege<\/li>\n<\/ul>\n<h3><strong>4. Ein personalisiertes Dreiecksl\u00e4tzchen<\/strong><\/h3>\n<ul>\n<li>perfekt f\u00fcr die ersten Breimahlzeiten oder als stylisches Accessoire<\/li>\n<\/ul>\n<h3><strong>Warum die Babybox Midi das ideale Geschenk ist<\/strong><\/h3>\n<div>\n<ul>\n<li><strong>Einzigartig &amp; liebevoll pr\u00e4sentiert<\/strong>: die Babybox Midi kommt in einer hochwertigen Geschenkverpackung mit praktischem Sichtfenster \u2013 so wirkt das Geschenk bereits auf den ersten Blick besonders stilvoll und pers\u00f6nlich.<\/li>\n<li><strong>Hochwertige Materialien<\/strong>: Body aus gek\u00e4mmter Bio-Baumwolle und liebevoll veredelte Textilien.<\/li>\n<li><strong>Praktisch &amp; emotional<\/strong>: alle Inhalte sind n\u00fctzlich im Babyalltag und gleichzeitig wertvolle Erinnerungsst\u00fccke.<\/li>\n<\/ul>\n<h4>Pflegehinweise Body<\/h4>\n<div>\n<ul class=\"KsbFXc U6u95\" data-processed=\"true\">\n<li data-hveid=\"CAMQAA\" data-processed=\"true\"><span class=\"T286Pc\" data-sfc-cp=\"\" data-processed=\"true\"><strong class=\"Yjhzub\" data-processed=\"true\">Waschtemperatur:<\/strong>\u00a030\u00b0C ist ideal, maximal 40\u00b0C.<\/span><\/li>\n<li data-hveid=\"CAMQAQ\" data-processed=\"true\"><span class=\"T286Pc\" data-sfc-cp=\"\" data-processed=\"true\"><strong class=\"Yjhzub\" data-processed=\"true\">Waschgang:<\/strong>\u00a0Schonwaschgang nutzen.<\/span><\/li>\n<li data-hveid=\"CAMQAg\" data-processed=\"true\"><span class=\"T286Pc\" data-sfc-cp=\"\" data-processed=\"true\"><strong class=\"Yjhzub\" data-processed=\"true\">Schleudern:<\/strong> niedrige Drehzahl (max. 600\u2013800 U\/Min) verwenden, um den Druck zu schonen.<\/span><\/li>\n<li data-hveid=\"CAMQAw\" data-processed=\"true\"><span class=\"T286Pc\" data-sfc-cp=\"\" data-processed=\"true\"><strong class=\"Yjhzub\" data-processed=\"true\">Waschmittel:<\/strong> mildes Fl\u00fcssigwaschmittel ohne Bleichmittel oder Weichsp\u00fcler verwenden.<\/span><\/li>\n<li data-hveid=\"CAMQBA\" data-processed=\"true\"><span class=\"T286Pc\" data-sfc-cp=\"\" data-processed=\"true\"><strong class=\"Yjhzub\" data-processed=\"true\">Trocknen:<\/strong> W\u00e4schetrocknergeeignet.<\/span><\/li>\n<li data-hveid=\"CAMQBQ\" data-processed=\"true\"><span class=\"T286Pc\" data-sfc-cp=\"\" data-processed=\"true\"><strong class=\"Yjhzub\" data-processed=\"true\">B\u00fcgeln:<\/strong> nur auf links b\u00fcgeln, niemals direkt \u00fcber den Druck.<\/span><\/li>\n<\/ul>\n<div class=\"Y3BBE\" data-sfc-cp=\"\" data-hveid=\"CAUQAA\" data-processed=\"true\">Die Verwendung von 30\u00b0C-W\u00e4schen und der Verzicht auf aggressive Mittel sorgt f\u00fcr die l\u00e4ngste Haltbarkeit des Digital-Drucks.<\/div>\n<\/div>\n<div data-sfc-cp=\"\" data-hveid=\"CAUQAA\" data-processed=\"true\"><\/div>\n<div data-sfc-cp=\"\" data-hveid=\"CAUQAA\" data-processed=\"true\">Weitere Informationen findest du auch in unseren <a title=\"FAQ - H\u00e4ufige Fragen und Antworten rund um unsere Produkte\" href=\"https:\/\/werktraum33.at\/shop\/faq\/\" target=\"_blank\" rel=\"noopener\">FAQs<\/a>.<\/div>\n<\/div>\n<\/div>\n<\/div>\n","protected":false},"excerpt":{"rendered":"<p><strong>Das perfekte Geschenk!<\/strong><\/p>\n<p>Geschenkbox mit Sichtfenster bestehend aus:<\/p>\n<ul>\n<li>personalisiertem Langarm- oder Kurzarmbody aus Bio-Baumwolle<\/li>\n<li>zwei personalisierten Spuckt\u00fcchern<\/li>\n<li>einem Waschlappen<\/li>\n<li>einem Dreiecksl\u00e4tzchen<\/li>\n<\/ul>\n<p>Ideal als <strong>Geschenk zur Geburt<\/strong> oder <strong>Baby-Party<\/strong>.<\/p>\n<p>Bitte beachte, dass personalisierte Artikel nicht retourniert werden k\u00f6nnen.<\/p>\n","protected":false},"featured_media":644,"comment_status":"open","ping_status":"closed","template":"","meta":[],"product_brand":[],"product_cat":[96],"product_tag":[177,178],"class_list":{"0":"post-627","1":"product","2":"type-product","3":"status-publish","4":"has-post-thumbnail","6":"product_cat-baby","7":"product_tag-babybox-midi","8":"product_tag-babybox-midi-kaufen","9":"product_shipping_class-paket50","11":"first","12":"instock","13":"shipping-taxable","14":"purchasable","15":"product-type-variable"},"aioseo_notices":[],"_links":{"self":[{"href":"https:\/\/werktraum33.at\/shop\/wp-json\/wp\/v2\/product\/627","targetHints":{"allow":["GET"]}}],"collection":[{"href":"https:\/\/werktraum33.at\/shop\/wp-json\/wp\/v2\/product"}],"about":[{"href":"https:\/\/werktraum33.at\/shop\/wp-json\/wp\/v2\/types\/product"}],"replies":[{"embeddable":true,"href":"https:\/\/werktraum33.at\/shop\/wp-json\/wp\/v2\/comments?post=627"}],"wp:featuredmedia":[{"embeddable":true,"href":"https:\/\/werktraum33.at\/shop\/wp-json\/wp\/v2\/media\/644"}],"wp:attachment":[{"href":"https:\/\/werktraum33.at\/shop\/wp-json\/wp\/v2\/media?parent=627"}],"wp:term":[{"taxonomy":"product_brand","embeddable":true,"href":"https:\/\/werktraum33.at\/shop\/wp-json\/wp\/v2\/product_brand?post=627"},{"taxonomy":"product_cat","embeddable":true,"href":"https:\/\/werktraum33.at\/shop\/wp-json\/wp\/v2\/product_cat?post=627"},{"taxonomy":"product_tag","embeddable":true,"href":"https:\/\/werktraum33.at\/shop\/wp-json\/wp\/v2\/product_tag?post=627"}],"curies":[{"name":"wp","href":"https:\/\/api.w.org\/{rel}","templated":true}]}}