{"id":1524,"date":"2026-04-29T19:39:34","date_gmt":"2026-04-29T17:39:34","guid":{"rendered":"https:\/\/werktraum33.at\/shop\/?post_type=product&#038;p=1524"},"modified":"2026-04-29T20:55:01","modified_gmt":"2026-04-29T18:55:01","slug":"personalisierbare-premium-einkaufstasche","status":"publish","type":"product","link":"https:\/\/werktraum33.at\/shop\/produkt\/personalisierbare-premium-einkaufstasche\/","title":{"rendered":"Personalisierbare Premium Einkaufstasche"},"content":{"rendered":"<h2 class=\"otQkpb\" role=\"heading\" aria-level=\"3\" data-sfc-root=\"c\" data-complete=\"true\" data-processed=\"true\"><strong class=\"Yjhzub\" data-sfc-root=\"c\" data-sfc-cb=\"\" data-complete=\"true\">Premium Einkaufstasche \u2013 dein personalisiertes Unikat aus Canvas &amp; Jute<\/strong><\/h2>\n<h3 class=\"n6owBd awi2gc\" data-sfc-root=\"c\" data-hveid=\"CAEIBRAA\" data-complete=\"true\" data-processed=\"true\"><strong class=\"Yjhzub\" data-sfc-root=\"c\" data-sfc-cb=\"\" data-complete=\"true\" data-processed=\"true\">Ein Kompliment, das man tragen kann.<\/strong><\/h3>\n<div class=\"n6owBd awi2gc\" data-sfc-cp=\"\" data-sfc-root=\"c\" data-sfc-cb=\"\" data-hveid=\"CAEIBRAA\" data-complete=\"true\" data-processed=\"true\">Suchst du nach einer Tasche, die nicht nur praktisch ist, sondern auch deine Pers\u00f6nlichkeit widerspiegelt?<\/div>\n<div class=\"n6owBd awi2gc\" data-sfc-cp=\"\" data-sfc-root=\"c\" data-sfc-cb=\"\" data-hveid=\"CAEIBRAA\" data-complete=\"true\" data-processed=\"true\">Unsere Premium-Einkaufstasche vereint rustikale Nat\u00fcrlichkeit mit modernem Design.<\/div>\n<div class=\"n6owBd awi2gc\" data-sfc-cp=\"\" data-sfc-root=\"c\" data-sfc-cb=\"\" data-hveid=\"CAEIBRAA\" data-complete=\"true\" data-processed=\"true\">Ob als t\u00e4glicher Begleiter f\u00fcr dich selbst oder als herzliches Geschenk f\u00fcr einen Lieblingsmenschen \u2013 diese Tasche setzt ein Statement f\u00fcr Stil und Wertsch\u00e4tzung.<\/div>\n<h3 class=\"otQkpb\" role=\"heading\" aria-level=\"3\" data-sfc-root=\"c\" data-complete=\"true\" data-processed=\"true\"><strong class=\"Yjhzub\" data-sfc-root=\"c\" data-sfc-cb=\"\" data-complete=\"true\">Qualit\u00e4t, die Ma\u00dfst\u00e4be setzt.<\/strong><\/h3>\n<div class=\"n6owBd awi2gc\" data-sfc-cp=\"\" data-sfc-root=\"c\" data-sfc-cb=\"\" data-hveid=\"CAEIBxAA\" data-complete=\"true\" data-processed=\"true\">Vergiss d\u00fcnne Stoffbeutel. Diese Tasche besteht aus\u00a0<strong class=\"Yjhzub\" data-sfc-root=\"c\" data-sfc-cb=\"\" data-complete=\"true\" data-processed=\"true\">extraschwerem Premium-Canvas (407 g\/m\u00b2)<\/strong>.<br \/>\nDas macht sie extrem robust, formstabil und langlebig.<br \/>\nDer kontrastreiche Boden aus <strong class=\"Yjhzub\" data-sfc-root=\"c\" data-sfc-cb=\"\" data-complete=\"true\" data-processed=\"true\">nat\u00fcrlicher Jute (Sackleinen)<\/strong> sorgt nicht nur f\u00fcr einen optischen Hingucker, sondern gibt der Tasche die n\u00f6tige Standfestigkeit f\u00fcr schwere Eink\u00e4ufe, B\u00fccher oder deine Strand-Essentials.<\/div>\n<h3 class=\"otQkpb\" role=\"heading\" aria-level=\"3\" data-sfc-root=\"c\" data-processed=\"true\" data-complete=\"true\"><strong class=\"Yjhzub\" data-sfc-root=\"c\" data-sfc-cb=\"\" data-complete=\"true\">Einzigartig durch deine Personalisierung.<\/strong><\/h3>\n<div class=\"n6owBd awi2gc\" data-sfc-cp=\"\" data-sfc-root=\"c\" data-sfc-cb=\"\" data-hveid=\"CAEICRAA\" data-complete=\"true\" data-processed=\"true\">Das Highlight ist die Veredelung in unserer Manufaktur bei <strong>werktraum33<\/strong>.<\/div>\n<div class=\"n6owBd awi2gc\" data-sfc-cp=\"\" data-sfc-root=\"c\" data-sfc-cb=\"\" data-hveid=\"CAEICRAA\" data-complete=\"true\" data-processed=\"true\">Wir kombinieren filigranes <strong class=\"Yjhzub\" data-sfc-root=\"c\" data-sfc-cb=\"\" data-complete=\"true\" data-processed=\"true\">Blumen-Line-Art<\/strong> mit deinem Wunschtext.<\/div>\n<div class=\"n6owBd awi2gc\" data-sfc-cp=\"\" data-sfc-root=\"c\" data-sfc-cb=\"\" data-hveid=\"CAEICRAA\" data-complete=\"true\" data-processed=\"true\">Ob unser beliebtes Design \u201eWie wundervoll bist du denn bitte?\u201c oder deine ganz eigene Botschaft \u2013 wir plotten jedes Motiv mit h\u00f6chster Pr\u00e4zision und Liebe zum Detail.<\/div>\n<div class=\"n6owBd awi2gc\" data-sfc-cp=\"\" data-sfc-root=\"c\" data-sfc-cb=\"\" data-hveid=\"CAEICRAA\" data-complete=\"true\" data-processed=\"true\">So wird aus einer hochwertigen Tasche ein unvergessliches Einzelst\u00fcck.<\/div>\n<h3 class=\"otQkpb\" role=\"heading\" aria-level=\"3\" data-sfc-root=\"c\" data-complete=\"true\" data-processed=\"true\"><strong class=\"Yjhzub\" data-sfc-root=\"c\" data-sfc-cb=\"\" data-complete=\"true\">Komfort in jedem Detail.<\/strong><\/h3>\n<div class=\"n6owBd awi2gc\" data-sfc-cp=\"\" data-sfc-root=\"c\" data-sfc-cb=\"\" data-hveid=\"CAEICxAA\" data-complete=\"true\" data-processed=\"true\">Mit einer Griffl\u00e4nge von\u00a0<strong class=\"Yjhzub\" data-sfc-root=\"c\" data-sfc-cb=\"\" data-complete=\"true\" data-processed=\"true\">59 cm<\/strong> l\u00e4sst sich die Tasche bequem \u00fcber der Schulter tragen \u2013 auch wenn es mal etwas schwerer wird.<\/div>\n<div class=\"n6owBd awi2gc\" data-sfc-cp=\"\" data-sfc-root=\"c\" data-sfc-cb=\"\" data-hveid=\"CAEICxAA\" data-complete=\"true\" data-processed=\"true\">Dank der gro\u00dfz\u00fcgigen Ma\u00dfe bietet die Tasche ausreichend Platz f\u00fcr alles, was dir wichtig ist, w\u00e4hrend der Materialmix aus Canvas und Jute zu jedem Outfit passt.<\/div>\n<h3 class=\"otQkpb\" role=\"heading\" aria-level=\"3\" data-sfc-root=\"c\" data-complete=\"true\" data-processed=\"true\"><strong class=\"Yjhzub\" data-sfc-root=\"c\" data-sfc-cb=\"\" data-complete=\"true\">Alle Highlights auf einen Blick:<\/strong><\/h3>\n<ul class=\"KsbFXc U6u95\" data-sfc-root=\"c\" data-sfc-cb=\"\" data-complete=\"true\" data-processed=\"true\">\n<li class=\"Z1qcYe\" data-sfc-cp=\"\" data-sfc-root=\"c\" data-sfc-cb=\"\" data-hveid=\"CAEIDRAA\" data-complete=\"true\" data-sae=\"\"><span class=\"T286Pc\" data-sfc-cp=\"\" data-sfc-root=\"c\" data-sfc-cb=\"\" data-complete=\"true\"><strong class=\"Yjhzub\" data-sfc-root=\"c\" data-sfc-cb=\"\" data-complete=\"true\">Material:<\/strong>\u00a0100% schwere Premium-Baumwolle (Canvas) &amp; robuster Juteboden.<\/span><\/li>\n<li class=\"Z1qcYe\" data-sfc-cp=\"\" data-sfc-root=\"c\" data-sfc-cb=\"\" data-hveid=\"CAEIDRAB\" data-complete=\"true\" data-sae=\"\"><span class=\"T286Pc\" data-sfc-cp=\"\" data-sfc-root=\"c\" data-sfc-cb=\"\" data-complete=\"true\"><strong class=\"Yjhzub\" data-sfc-root=\"c\" data-sfc-cb=\"\" data-complete=\"true\">Gewicht:<\/strong> massive 407 g\/m\u00b2 f\u00fcr maximale Best\u00e4ndigkeit.<\/span><\/li>\n<li class=\"Z1qcYe\" data-sfc-cp=\"\" data-sfc-root=\"c\" data-sfc-cb=\"\" data-hveid=\"CAEIDRAC\" data-complete=\"true\" data-sae=\"\"><span class=\"T286Pc\" data-sfc-cp=\"\" data-sfc-root=\"c\" data-sfc-cb=\"\" data-complete=\"true\"><strong class=\"Yjhzub\" data-sfc-root=\"c\" data-sfc-cb=\"\" data-complete=\"true\">Ma\u00dfe:<\/strong> perfekte Gr\u00f6\u00dfe f\u00fcr Shopping, Uni oder Freizeit.<\/span><\/li>\n<li class=\"Z1qcYe\" data-sfc-cp=\"\" data-sfc-root=\"c\" data-sfc-cb=\"\" data-hveid=\"CAEIDRAD\" data-complete=\"true\" data-sae=\"\"><span class=\"T286Pc\" data-sfc-cp=\"\" data-sfc-root=\"c\" data-sfc-cb=\"\" data-complete=\"true\"><strong class=\"Yjhzub\" data-sfc-root=\"c\" data-sfc-cb=\"\" data-complete=\"true\">Tragekomfort:<\/strong> lange Griffe (59 cm) f\u00fcr entspanntes Tragen.<\/span><\/li>\n<li class=\"Z1qcYe\" data-sfc-cp=\"\" data-sfc-root=\"c\" data-sfc-cb=\"\" data-hveid=\"CAEIDRAE\" data-complete=\"true\" data-sae=\"\"><span class=\"T286Pc\" data-sfc-cp=\"\" data-sfc-root=\"c\" data-sfc-cb=\"\" data-complete=\"true\"><strong class=\"Yjhzub\" data-sfc-root=\"c\" data-sfc-cb=\"\" data-complete=\"true\">Personalisierung:<\/strong> hochwertiger Plott mit deinem Wunschtext.<\/span><\/li>\n<li class=\"Z1qcYe\" data-sfc-cp=\"\" data-sfc-root=\"c\" data-sfc-cb=\"\" data-hveid=\"CAEIDRAF\" data-complete=\"true\" data-sae=\"\"><span class=\"T286Pc\" data-sfc-cp=\"\" data-sfc-root=\"c\" data-sfc-cb=\"\" data-complete=\"true\"><strong class=\"Yjhzub\" data-sfc-root=\"c\" data-sfc-cb=\"\" data-complete=\"true\">Nachhaltigkeit:<\/strong> Ein langlebiges Naturprodukt, das Plastikt\u00fcten stilvoll ersetzt.<\/span><\/li>\n<\/ul>\n<div class=\"n6owBd awi2gc\" data-sfc-cp=\"\" data-sfc-root=\"c\" data-sfc-cb=\"\" data-hveid=\"CAEIDhAA\" data-complete=\"true\" data-processed=\"true\"><strong class=\"Yjhzub\" data-sfc-root=\"c\" data-sfc-cb=\"\" data-complete=\"true\" data-processed=\"true\">Mach Schluss mit gew\u00f6hnlich. Hol dir deinen personalisierten Premium-Shopper und trag dein Statement in die Welt!<\/strong><\/div>\n<div data-sfc-cp=\"\" data-sfc-root=\"c\" data-sfc-cb=\"\" data-hveid=\"CAEIDhAA\" data-complete=\"true\" data-processed=\"true\"><\/div>\n<div data-sfc-cp=\"\" data-sfc-root=\"c\" data-sfc-cb=\"\" data-hveid=\"CAEIDhAA\" data-complete=\"true\" data-processed=\"true\">Weitere Informationen findest du auch in unseren\u00a0<a title=\"FAQ - H\u00e4ufige Fragen und Antworten rund um unsere Produkte\" href=\"https:\/\/werktraum33.at\/shop\/faq\/\" target=\"_blank\" rel=\"noopener\">FAQs<\/a>.<\/div>\n<div class=\"Fsg96\" data-sfc-cp=\"\" data-sfc-root=\"c\" data-sfc-cb=\"\" data-complete=\"true\" data-processed=\"true\"><\/div>\n<hr class=\"j3tEEe\" data-sfc-root=\"c\" data-sfc-pl=\"|[]\" data-sfc-cb=\"\" data-complete=\"true\" data-processed=\"true\" data-sae=\"\" \/>\n<div class=\"Fsg96\" data-sfc-cp=\"\" data-sfc-root=\"c\" data-sfc-cb=\"\" data-complete=\"true\" data-processed=\"true\"><\/div>\n","protected":false},"excerpt":{"rendered":"<h2 class=\"n6owBd awi2gc\" data-sfc-root=\"c\" data-hveid=\"CAEIBxAA\" data-complete=\"true\" data-processed=\"true\"><strong class=\"Yjhzub\" data-sfc-root=\"c\" data-sfc-cb=\"\" data-complete=\"true\" data-processed=\"true\">Qualit\u00e4t, die man sp\u00fcren kann.<\/strong><\/h2>\n<p>Unsere Premium Einkaufstasche ist die elegante Antwort auf kurzlebige Plastikt\u00fcten.<br \/>\nGefertigt aus <strong>extraschwerem Canvas (407 g\/m\u00b2)<\/strong> und einem verst\u00e4rkten Boden aus <strong>nat\u00fcrlicher Jute<\/strong>, vereint diese Tasche maximale Belastbarkeit mit einem zeitlosen Design.<br \/>\nDie 59 cm langen Tragegriffe sorgen f\u00fcr h\u00f6chsten Komfort \u2013 egal ob in der Hand oder bequem \u00fcber der Schulter getragen.<\/p>\n<p>Das Besondere: wir machen die Tasche zu deinem Unikat.<br \/>\nW\u00e4hle unser beliebtes \u201eWie wundervoll bist du denn bitte?\u201c-Design oder gestalte sie mit deinem ganz pers\u00f6nlichen Wunschtext.<br \/>\nDurch die hochwertige Veredelung in Handarbeit wird jede Tasche zu einem besonderen Geschenk f\u00fcr Lieblingsmenschen oder dich selbst.<\/p>\n<ul class=\"KsbFXc U6u95\" data-sfc-root=\"c\" data-sfc-cb=\"\" data-complete=\"true\" data-processed=\"true\">\n<li class=\"Z1qcYe\" data-sfc-cp=\"\" data-sfc-root=\"c\" data-sfc-cb=\"\" data-hveid=\"CAEICRAA\" data-complete=\"true\" data-sae=\"\"><span class=\"T286Pc\" data-sfc-cp=\"\" data-sfc-root=\"c\" data-sfc-cb=\"\" data-complete=\"true\"><strong class=\"Yjhzub\" data-sfc-root=\"c\" data-sfc-cb=\"\" data-complete=\"true\">Extrem robust:<\/strong> schwere Premium-Qualit\u00e4t f\u00fcr eine au\u00dfergew\u00f6hnliche Lebensdauer.<\/span><\/li>\n<li class=\"Z1qcYe\" data-sfc-cp=\"\" data-sfc-root=\"c\" data-sfc-cb=\"\" data-hveid=\"CAEICRAB\" data-complete=\"true\" data-sae=\"\"><span class=\"T286Pc\" data-sfc-cp=\"\" data-sfc-root=\"c\" data-sfc-cb=\"\" data-complete=\"true\"><strong class=\"Yjhzub\" data-sfc-root=\"c\" data-sfc-cb=\"\" data-complete=\"true\">Edler Material-Mix:<\/strong> nat\u00fcrliches Sackleinen trifft auf festen Baumwoll-Canvas.<\/span><\/li>\n<li class=\"Z1qcYe\" data-sfc-cp=\"\" data-sfc-root=\"c\" data-sfc-cb=\"\" data-hveid=\"CAEICRAC\" data-complete=\"true\" data-sae=\"\"><span class=\"T286Pc\" data-sfc-cp=\"\" data-sfc-root=\"c\" data-sfc-cb=\"\" data-complete=\"true\"><strong class=\"Yjhzub\" data-sfc-root=\"c\" data-sfc-cb=\"\" data-complete=\"true\">Pers\u00f6nlich:<\/strong> individuelle Textgestaltung nach deinen W\u00fcnschen.<\/span><\/li>\n<li class=\"Z1qcYe\" data-sfc-cp=\"\" data-sfc-root=\"c\" data-sfc-cb=\"\" data-hveid=\"CAEICRAD\" data-complete=\"true\" data-sae=\"\"><span class=\"T286Pc\" data-sfc-cp=\"\" data-sfc-root=\"c\" data-sfc-cb=\"\" data-complete=\"true\" aria-owns=\"action-menu-parent-container\"><strong class=\"Yjhzub\" data-sfc-root=\"c\" data-sfc-cb=\"\" data-complete=\"true\">Gro\u00dfz\u00fcgig:<\/strong> viel Platz f\u00fcr Eink\u00e4ufe, Uni-Unterlagen oder Strand-Essentials.<\/span><\/li>\n<\/ul>\n<p>Bitte beachte, dass bei Wahl eines eigenen Wunschtextes die Einkaufstasche nicht mehr retourniert werden kann.<\/p>\n","protected":false},"featured_media":1529,"comment_status":"open","ping_status":"closed","template":"","meta":[],"product_brand":[],"product_cat":[25,94],"product_tag":[307,301,304,303,302,305,306],"class_list":{"0":"post-1524","1":"product","2":"type-product","3":"status-publish","4":"has-post-thumbnail","6":"product_cat-accessoires","7":"product_cat-saisonales","8":"product_tag-canvas-shopper-mit-blumen-design","9":"product_tag-einkaufstasche-canvas-jute","10":"product_tag-grosse-tragetasche-canvas","11":"product_tag-premium-shopper","12":"product_tag-shopper-bag","13":"product_tag-tasche-mit-wunschtext","14":"product_tag-wiederverwendbare-tasche","15":"product_shipping_class-paket50","17":"first","18":"instock","19":"shipping-taxable","20":"purchasable","21":"product-type-variable"},"aioseo_notices":[],"_links":{"self":[{"href":"https:\/\/werktraum33.at\/shop\/wp-json\/wp\/v2\/product\/1524","targetHints":{"allow":["GET"]}}],"collection":[{"href":"https:\/\/werktraum33.at\/shop\/wp-json\/wp\/v2\/product"}],"about":[{"href":"https:\/\/werktraum33.at\/shop\/wp-json\/wp\/v2\/types\/product"}],"replies":[{"embeddable":true,"href":"https:\/\/werktraum33.at\/shop\/wp-json\/wp\/v2\/comments?post=1524"}],"wp:featuredmedia":[{"embeddable":true,"href":"https:\/\/werktraum33.at\/shop\/wp-json\/wp\/v2\/media\/1529"}],"wp:attachment":[{"href":"https:\/\/werktraum33.at\/shop\/wp-json\/wp\/v2\/media?parent=1524"}],"wp:term":[{"taxonomy":"product_brand","embeddable":true,"href":"https:\/\/werktraum33.at\/shop\/wp-json\/wp\/v2\/product_brand?post=1524"},{"taxonomy":"product_cat","embeddable":true,"href":"https:\/\/werktraum33.at\/shop\/wp-json\/wp\/v2\/product_cat?post=1524"},{"taxonomy":"product_tag","embeddable":true,"href":"https:\/\/werktraum33.at\/shop\/wp-json\/wp\/v2\/product_tag?post=1524"}],"curies":[{"name":"wp","href":"https:\/\/api.w.org\/{rel}","templated":true}]}}