{"id":1515,"date":"2026-04-27T19:59:33","date_gmt":"2026-04-27T17:59:33","guid":{"rendered":"https:\/\/werktraum33.at\/shop\/?post_type=product&#038;p=1515"},"modified":"2026-04-27T19:59:33","modified_gmt":"2026-04-27T17:59:33","slug":"spruch-haeferl","status":"publish","type":"product","link":"https:\/\/werktraum33.at\/shop\/produkt\/spruch-haeferl\/","title":{"rendered":"Spruch-H\u00e4ferl"},"content":{"rendered":"<h2 class=\"otQkpb\" role=\"heading\" aria-level=\"3\" data-sfc-root=\"c\" data-complete=\"true\" data-processed=\"true\"><strong class=\"Yjhzub\" data-sfc-root=\"c\" data-sfc-cb=\"\" data-complete=\"true\">Spruch H\u00e4ferl mit Tier-Motiv \u2013 ein herzlicher Gru\u00df f\u00fcr jeden Anlass<\/strong><\/h2>\n<div class=\"n6owBd awi2gc\" data-sfc-cp=\"\" data-sfc-root=\"c\" data-sfc-cb=\"\" data-hveid=\"CAEIBBAA\" data-complete=\"true\" data-processed=\"true\">Manchmal sind es die kleinen Dinge, die den gr\u00f6\u00dften Unterschied machen.<br \/>\nUnsere liebevoll gestalteten Keramik-Tassen mit Dachs- und Katzen-Motiven sind kleine Botschafter der Freude, des Trostes und der Wertsch\u00e4tzung.<\/div>\n<div class=\"n6owBd awi2gc\" data-sfc-cp=\"\" data-sfc-root=\"c\" data-sfc-cb=\"\" data-hveid=\"CAEIBBAA\" data-complete=\"true\" data-processed=\"true\">Ob als fr\u00f6hlicher Geburtstagsgru\u00df oder als liebevoller Mutmacher in schwierigen Zeiten: mit diesen H\u00e4ferln schenkst du ein L\u00e4cheln bei jedem Schluck.<\/div>\n<h3 class=\"otQkpb\" role=\"heading\" aria-level=\"3\" data-sfc-root=\"c\" data-complete=\"true\" data-processed=\"true\"><strong class=\"Yjhzub\" data-sfc-root=\"c\" data-sfc-cb=\"\" data-complete=\"true\">Pers\u00f6nlich &amp; Herzlich<\/strong><\/h3>\n<div class=\"n6owBd awi2gc\" data-sfc-cp=\"\" data-sfc-root=\"c\" data-sfc-cb=\"\" data-hveid=\"CAEIBhAA\" data-complete=\"true\" data-processed=\"true\">W\u00e4hle aus unseren charmanten Illustrationen genau das passende Duo f\u00fcr deinen Lieblingsmenschen.<\/div>\n<div class=\"n6owBd awi2gc\" data-sfc-cp=\"\" data-sfc-root=\"c\" data-sfc-cb=\"\" data-hveid=\"CAEIBhAA\" data-complete=\"true\" data-processed=\"true\">Der gem\u00fctliche Dachs und die verspielte Katze wurden sorgf\u00e4ltig mit herzlichen Botschaften kombiniert, um genau die richtige Stimmung zu treffen.<\/div>\n<div data-sfc-cp=\"\" data-sfc-root=\"c\" data-sfc-cb=\"\" data-hveid=\"CAEIBhAA\" data-complete=\"true\" data-processed=\"true\"><\/div>\n<div data-sfc-cp=\"\" data-sfc-root=\"c\" data-sfc-cb=\"\" data-hveid=\"CAEIBhAA\" data-complete=\"true\" data-processed=\"true\">Du hast einen\u00a0<strong>besonderen Designwunsch <\/strong>f\u00fcr einen bestimmten Anlass?<br \/>\nSchreibe mir gerne auf <a href=\"mailto:office@werktraum33.at\">office@werktraum33.at<\/a>\u00a0oder nutze unser\u00a0<a href=\"https:\/\/werktraum33.at\/shop\/kontakt\/\" target=\"_blank\" rel=\"noopener\">Kontaktformular<\/a>.<br \/>\nJede Tasse kann nach deinen Vorstellungen individuell angefertigt werden!<\/div>\n<h3 class=\"n6owBd awi2gc\" data-sfc-root=\"c\" data-hveid=\"CAEIBhAA\" data-complete=\"true\" data-processed=\"true\"><strong class=\"Yjhzub\" data-sfc-root=\"c\" data-sfc-cb=\"\" data-complete=\"true\">Deine Vorteile auf einen Blick:<\/strong><\/h3>\n<ul class=\"KsbFXc U6u95\" data-sfc-root=\"c\" data-sfc-cb=\"\" data-complete=\"true\" data-processed=\"true\">\n<li class=\"Z1qcYe\" data-sfc-cp=\"\" data-sfc-root=\"c\" data-sfc-cb=\"\" data-hveid=\"CAEICBAA\" data-complete=\"true\" data-sae=\"\"><span class=\"T286Pc\" data-sfc-cp=\"\" data-sfc-root=\"c\" data-sfc-cb=\"\" data-complete=\"true\"><strong class=\"Yjhzub\" data-sfc-root=\"c\" data-sfc-cb=\"\" data-complete=\"true\">Vielseitige Auswahl:<\/strong> w\u00e4hle zwischen dem Dachs oder der Katze und kombiniere sie mit den Spr\u00fcchen \u201eAlles Gute\u201c oder \u201eGute Besserung\u201c.<\/span><\/li>\n<li class=\"Z1qcYe\" data-sfc-cp=\"\" data-sfc-root=\"c\" data-sfc-cb=\"\" data-hveid=\"CAEICBAB\" data-complete=\"true\" data-sae=\"\"><span class=\"T286Pc\" data-sfc-cp=\"\" data-sfc-root=\"c\" data-sfc-cb=\"\" data-complete=\"true\"><strong class=\"Yjhzub\" data-sfc-root=\"c\" data-sfc-cb=\"\" data-complete=\"true\">Brillantes Design:<\/strong> hochwertiger Sublimationsdruck sorgt f\u00fcr leuchtende Farben und ein gestochen scharfes Motiv.<\/span><\/li>\n<li class=\"Z1qcYe\" data-sfc-cp=\"\" data-sfc-root=\"c\" data-sfc-cb=\"\" data-hveid=\"CAEICBAC\" data-complete=\"true\" data-sae=\"\"><span class=\"T286Pc\" data-sfc-cp=\"\" data-sfc-root=\"c\" data-sfc-cb=\"\" data-complete=\"true\"><strong class=\"Yjhzub\" data-sfc-root=\"c\" data-sfc-cb=\"\" data-complete=\"true\">Alltagstauglich &amp; robust:<\/strong> die Tassen sind sp\u00fclmaschinenfest und mikrowellengeeignet \u2013 perfekt f\u00fcr den t\u00e4glichen Kaffee- oder Teegenuss.<\/span><\/li>\n<li class=\"Z1qcYe\" data-sfc-cp=\"\" data-sfc-root=\"c\" data-sfc-cb=\"\" data-hveid=\"CAEICBAD\" data-complete=\"true\" data-sae=\"\"><span class=\"T286Pc\" data-sfc-cp=\"\" data-sfc-root=\"c\" data-sfc-cb=\"\" data-complete=\"true\"><strong class=\"Yjhzub\" data-sfc-root=\"c\" data-sfc-cb=\"\" data-complete=\"true\">Das ideale Mitbringsel:<\/strong> eine wunderbare Geschenkidee f\u00fcr Freunde, Familie oder Kollegen, die eine kleine Aufmunterung oder einen Gl\u00fcckwunsch verdient haben.<\/span><\/li>\n<\/ul>\n<h3 class=\"otQkpb\" role=\"heading\" aria-level=\"3\" data-sfc-root=\"c\" data-complete=\"true\" data-processed=\"true\"><strong class=\"Yjhzub\" data-sfc-root=\"c\" data-sfc-cb=\"\" data-complete=\"true\">Produktdetails:<\/strong><\/h3>\n<ul class=\"KsbFXc U6u95\" data-sfc-root=\"c\" data-sfc-cb=\"\" data-complete=\"true\" data-processed=\"true\">\n<li class=\"Z1qcYe\" data-sfc-cp=\"\" data-sfc-root=\"c\" data-sfc-cb=\"\" data-hveid=\"CAEIChAA\" data-complete=\"true\" data-sae=\"\"><span class=\"T286Pc\" data-sfc-cp=\"\" data-sfc-root=\"c\" data-sfc-cb=\"\" data-complete=\"true\"><strong class=\"Yjhzub\" data-sfc-root=\"c\" data-sfc-cb=\"\" data-complete=\"true\">Material:<\/strong> hochwertige wei\u00dfe Keramik<\/span><\/li>\n<li class=\"Z1qcYe\" data-sfc-cp=\"\" data-sfc-root=\"c\" data-sfc-cb=\"\" data-hveid=\"CAEIChAB\" data-complete=\"true\" data-sae=\"\"><span class=\"T286Pc\" data-sfc-cp=\"\" data-sfc-root=\"c\" data-sfc-cb=\"\" data-complete=\"true\"><strong class=\"Yjhzub\" data-sfc-root=\"c\" data-sfc-cb=\"\" data-complete=\"true\">Fassungsverm\u00f6gen:<\/strong>\u00a0ca. 330 ml<\/span><\/li>\n<li class=\"Z1qcYe\" data-sfc-cp=\"\" data-sfc-root=\"c\" data-sfc-cb=\"\" data-hveid=\"CAEIChAC\" data-complete=\"true\" data-sae=\"\"><span class=\"T286Pc\" data-sfc-cp=\"\" data-sfc-root=\"c\" data-sfc-cb=\"\" data-complete=\"true\"><strong class=\"Yjhzub\" data-sfc-root=\"c\" data-sfc-cb=\"\" data-complete=\"true\">Veredelung:<\/strong> handgefertigt in unserem Atelier mittels langlebigem Druck.<\/span><\/li>\n<\/ul>\n<div class=\"n6owBd awi2gc\" data-sfc-cp=\"\" data-sfc-root=\"c\" data-sfc-cb=\"\" data-hveid=\"CAEICxAA\" data-complete=\"true\" data-processed=\"true\"><strong class=\"Yjhzub\" data-sfc-root=\"c\" data-sfc-cb=\"\" data-complete=\"true\" data-processed=\"true\">Handgefertigt von werk(t)raum33<\/strong> \u2013 f\u00fcr Geschenke, die von Herzen kommen und lange Freude bereiten. \u2728<\/div>\n","protected":false},"excerpt":{"rendered":"<h2>Kleine Geste, gro\u00dfe Freude. \ud83d\udc3e\u2728<\/h2>\n<p>Manchmal braucht es gar nicht viele Worte, sondern einfach einen Gru\u00df in Tassenform.<br \/>\nUnsere hochwertigen Keramik-H\u00e4ferl mit den charmanten Illustrationen von Dachs und Katze sind der ideale Begleiter f\u00fcr jeden Anlass.<\/p>\n<p><strong>W\u00e4hle dein Lieblingsmotiv und den passenden Gru\u00df f\u00fcr deinen Anlass:<\/strong><\/p>\n<ul>\n<li class=\"Z1qcYe\" data-sfc-cp=\"\" data-sfc-root=\"c\" data-sfc-cb=\"\" data-hveid=\"CAEIBRAA\" data-complete=\"true\" data-sae=\"\"><span class=\"T286Pc\" data-sfc-cp=\"\" data-sfc-root=\"c\" data-sfc-cb=\"\" data-complete=\"true\"><strong class=\"Yjhzub\" data-sfc-root=\"c\" data-sfc-cb=\"\" data-complete=\"true\">Motive:<\/strong> entdecke unsere liebevoll illustrierten Charaktere \u2013 den gem\u00fctlichen\u00a0<strong class=\"Yjhzub\" data-sfc-root=\"c\" data-sfc-cb=\"\" data-complete=\"true\">Dachs<\/strong> oder die s\u00fc\u00dfe <strong class=\"Yjhzub\" data-sfc-root=\"c\" data-sfc-cb=\"\" data-complete=\"true\">Katze<\/strong>.<\/span><\/li>\n<li class=\"Z1qcYe\" data-sfc-cp=\"\" data-sfc-root=\"c\" data-sfc-cb=\"\" data-hveid=\"CAEIBRAB\" data-complete=\"true\" data-sae=\"\"><span class=\"T286Pc\" data-sfc-cp=\"\" data-sfc-root=\"c\" data-sfc-cb=\"\" data-complete=\"true\" aria-owns=\"action-menu-parent-container\"><strong class=\"Yjhzub\" data-sfc-root=\"c\" data-sfc-cb=\"\" data-complete=\"true\">Botschaften:<\/strong> erh\u00e4ltlich mit einem herzlichen\u00a0<strong class=\"Yjhzub\" data-sfc-root=\"c\" data-sfc-cb=\"\" data-complete=\"true\">\u201eAlles Gute\u201c<\/strong>\u00a0f\u00fcr Feierlichkeiten oder einem tr\u00f6stenden\u00a0<strong class=\"Yjhzub\" data-sfc-root=\"c\" data-sfc-cb=\"\" data-complete=\"true\">\u201eGute Besserung\u201c<\/strong>\u00a0als kleiner Mutmacher.<\/span><\/li>\n<\/ul>\n<p>Du hast einen\u00a0<strong>besonderen Designwunsch <\/strong>f\u00fcr einen bestimmten Anlass?<br \/>\nSchreibe mir gerne auf <a href=\"mailto:office@werktraum33.at\">office@werktraum33.at<\/a>\u00a0oder nutze unser\u00a0<a href=\"https:\/\/werktraum33.at\/shop\/kontakt\/\" target=\"_blank\" rel=\"noopener\">Kontaktformular<\/a>.<br \/>\nJede Tasse kann nach deinen Vorstellungen individuell angefertigt werden!<\/p>\n<p><strong>Das macht deine Tasse besonders:<\/strong><\/p>\n<ul>\n<li><strong>Brillanter Druck:<\/strong> die Farben strahlen und bleiben auch nach vielen Kaffeepausen sch\u00f6n.<\/li>\n<li><strong>Sp\u00fclmaschinen- und Mikrowellengeeignet:<\/strong> unkompliziert im Alltag, damit mehr Zeit zum Genie\u00dfen bleibt.<\/li>\n<li><strong>Handgefertigt:<\/strong> mit Liebe veredelt in unserem Atelier bei <strong>werk(t)raum33<\/strong>.<\/li>\n<\/ul>\n<p>Ob als kleiner Mutmacher oder fr\u00f6hlicher Gl\u00fcckwunsch \u2013 diese Tasse sorgt garantiert f\u00fcr ein Schmunzeln beim n\u00e4chsten Schluck Tee oder Kaffee. \u2728<\/p>\n<p>Weitere Informationen findest du auch in unseren\u00a0<a title=\"FAQ - H\u00e4ufige Fragen und Antworten rund um unsere Produkte\" href=\"https:\/\/werktraum33.at\/shop\/faq\/\" target=\"_blank\" rel=\"noopener\">FAQs<\/a>.<\/p>\n","protected":false},"featured_media":1519,"comment_status":"open","ping_status":"closed","template":"","meta":[],"product_brand":[],"product_cat":[40],"product_tag":[],"class_list":{"0":"post-1515","1":"product","2":"type-product","3":"status-publish","4":"has-post-thumbnail","6":"product_cat-haeferl","7":"product_shipping_class-paket50","9":"first","10":"instock","11":"shipping-taxable","12":"purchasable","13":"product-type-variable"},"aioseo_notices":[],"_links":{"self":[{"href":"https:\/\/werktraum33.at\/shop\/wp-json\/wp\/v2\/product\/1515","targetHints":{"allow":["GET"]}}],"collection":[{"href":"https:\/\/werktraum33.at\/shop\/wp-json\/wp\/v2\/product"}],"about":[{"href":"https:\/\/werktraum33.at\/shop\/wp-json\/wp\/v2\/types\/product"}],"replies":[{"embeddable":true,"href":"https:\/\/werktraum33.at\/shop\/wp-json\/wp\/v2\/comments?post=1515"}],"wp:featuredmedia":[{"embeddable":true,"href":"https:\/\/werktraum33.at\/shop\/wp-json\/wp\/v2\/media\/1519"}],"wp:attachment":[{"href":"https:\/\/werktraum33.at\/shop\/wp-json\/wp\/v2\/media?parent=1515"}],"wp:term":[{"taxonomy":"product_brand","embeddable":true,"href":"https:\/\/werktraum33.at\/shop\/wp-json\/wp\/v2\/product_brand?post=1515"},{"taxonomy":"product_cat","embeddable":true,"href":"https:\/\/werktraum33.at\/shop\/wp-json\/wp\/v2\/product_cat?post=1515"},{"taxonomy":"product_tag","embeddable":true,"href":"https:\/\/werktraum33.at\/shop\/wp-json\/wp\/v2\/product_tag?post=1515"}],"curies":[{"name":"wp","href":"https:\/\/api.w.org\/{rel}","templated":true}]}}