{"id":1457,"date":"2026-04-20T06:29:25","date_gmt":"2026-04-20T04:29:25","guid":{"rendered":"https:\/\/werktraum33.at\/shop\/?post_type=product&#038;p=1457"},"modified":"2026-04-20T07:49:59","modified_gmt":"2026-04-20T05:49:59","slug":"schluesselanhaenger-aus-holz-lebensblume","status":"publish","type":"product","link":"https:\/\/werktraum33.at\/shop\/produkt\/schluesselanhaenger-aus-holz-lebensblume\/","title":{"rendered":"Schl\u00fcsselanh\u00e4nger aus Holz &#8211; Lebensblume"},"content":{"rendered":"<h2 class=\"Y3BBE\" data-sfc-root=\"c\" data-hveid=\"CAEIBBAA\" data-complete=\"true\" data-processed=\"true\"><strong class=\"Yjhzub\" data-sfc-root=\"c\" data-sfc-cb=\"\" data-complete=\"true\" data-processed=\"true\">Handgefertigte Pr\u00e4zision: Die Lebensblume auf edlem Holz<\/strong><\/h2>\n<div class=\"Y3BBE\" data-sfc-cp=\"\" data-sfc-root=\"c\" data-sfc-cb=\"\" data-hveid=\"CAEIBBAA\" data-complete=\"true\" data-processed=\"true\">Holz ist ein Werkstoff mit Charakter.<\/div>\n<div class=\"Y3BBE\" data-sfc-cp=\"\" data-sfc-root=\"c\" data-sfc-cb=\"\" data-hveid=\"CAEIBBAA\" data-complete=\"true\" data-processed=\"true\">Jeder <strong class=\"Yjhzub\" data-sfc-root=\"c\" data-sfc-cb=\"\" data-complete=\"true\" data-processed=\"true\">runde Holz-Schl\u00fcsselanh\u00e4nger<\/strong>\u00a0erz\u00e4hlt durch seine nat\u00fcrliche Maserung eine eigene Geschichte \u2013 und mit der kraftvollen Gravur der\u00a0<strong class=\"Yjhzub\" data-sfc-root=\"c\" data-sfc-cb=\"\" data-complete=\"true\" data-processed=\"true\">Lebensblume<\/strong> f\u00fcgen wir ein Kapitel voller Harmonie und Energie hinzu.<\/div>\n<div class=\"Y3BBE\" data-sfc-cp=\"\" data-sfc-root=\"c\" data-sfc-cb=\"\" data-hveid=\"CAEIBBAA\" data-complete=\"true\" data-processed=\"true\">In meiner Manufaktur veredle ich dein Geschenk aus Holz, um Symbole und Ideen dauerhaft und detailgetreu festzuhalten.<\/div>\n<h3 class=\"Y3BBE\" data-sfc-root=\"c\" data-hveid=\"CAEIBRAA\" data-complete=\"true\" data-processed=\"true\"><strong class=\"Yjhzub\" data-sfc-root=\"c\" data-sfc-cb=\"\" data-complete=\"true\" data-processed=\"true\">Warum unser gravierter Lebensblumen-Anh\u00e4nger \u00fcberzeugt:<\/strong><\/h3>\n<ul class=\"KsbFXc U6u95\" data-sfc-root=\"c\" data-sfc-cb=\"\" data-complete=\"true\" data-processed=\"true\">\n<li class=\"dF3vjf\" data-sfc-root=\"c\" data-sfc-cb=\"\" data-hveid=\"CAEIBhAA\" data-complete=\"true\" data-sae=\"\"><span class=\"T286Pc\" data-sfc-cp=\"\" data-sfc-root=\"c\" data-sfc-cb=\"\" data-complete=\"true\"><strong class=\"Yjhzub\" data-sfc-root=\"c\" data-sfc-cb=\"\" data-complete=\"true\">Symbolik mit Tiefgang:<\/strong> die Lebensblume steht f\u00fcr Schutz und Ordnung. Ob als pers\u00f6nlicher Kraftspender oder als bedeutungsvolles Geschenk \u2013 wir gravieren dieses besondere Motiv mit h\u00f6chster Pr\u00e4zision.<\/span><\/li>\n<li class=\"dF3vjf\" data-sfc-root=\"c\" data-sfc-cb=\"\" data-hveid=\"CAEIBhAB\" data-complete=\"true\" data-sae=\"\"><span class=\"T286Pc\" data-sfc-cp=\"\" data-sfc-root=\"c\" data-sfc-cb=\"\" data-complete=\"true\"><strong class=\"Yjhzub\" data-sfc-root=\"c\" data-sfc-cb=\"\" data-complete=\"true\">Individuelle Erg\u00e4nzung:<\/strong> du m\u00f6chtest zus\u00e4tzlich einen Namen oder ein Datum? Kein Problem! Wir kombinieren die Lebensblume gerne mit deiner pers\u00f6nlichen Wunschgravur.<\/span><\/li>\n<li class=\"dF3vjf\" data-sfc-root=\"c\" data-sfc-cb=\"\" data-hveid=\"CAEIBhAC\" data-complete=\"true\" data-sae=\"\"><span class=\"T286Pc\" data-sfc-cp=\"\" data-sfc-root=\"c\" data-sfc-cb=\"\" data-complete=\"true\"><strong class=\"Yjhzub\" data-sfc-root=\"c\" data-sfc-cb=\"\" data-complete=\"true\">Haptik &amp; Optik auf h\u00f6chstem Niveau:<\/strong> ich verwende ausschlie\u00dflich hochwertiges, glatt geschliffenes Qualit\u00e4tsholz. Die dunkle Gravur bildet einen edlen Kontrast zur nat\u00fcrlichen, runden Holzoberfl\u00e4che.<\/span><\/li>\n<li class=\"dF3vjf\" data-sfc-root=\"c\" data-sfc-cb=\"\" data-hveid=\"CAEIBhAD\" data-complete=\"true\" data-sae=\"\"><span class=\"T286Pc\" data-sfc-cp=\"\" data-sfc-root=\"c\" data-sfc-cb=\"\" data-complete=\"true\"><strong class=\"Yjhzub\" data-sfc-root=\"c\" data-sfc-cb=\"\" data-complete=\"true\">Das perfekte Geschenk f\u00fcr jeden Anlass:<\/strong> ob als Gl\u00fccksbringer f\u00fcr das neue Auto, zum Einzug oder einfach als Zeichen der Wertsch\u00e4tzung \u2013 dieses Unikat von\u00a0<strong class=\"Yjhzub\" data-sfc-root=\"c\" data-sfc-cb=\"\" data-complete=\"true\">werk(t)raum33<\/strong>\u00a0kommt von Herzen.<\/span><\/li>\n<li class=\"dF3vjf\" data-sfc-root=\"c\" data-sfc-cb=\"\" data-hveid=\"CAEIBhAE\" data-complete=\"true\" data-sae=\"\"><span class=\"T286Pc\" data-sfc-cp=\"\" data-sfc-root=\"c\" data-sfc-cb=\"\" data-complete=\"true\" aria-owns=\"action-menu-parent-container\"><strong class=\"Yjhzub\" data-sfc-root=\"c\" data-sfc-cb=\"\" data-complete=\"true\">Langlebig &amp; Nachhaltig:<\/strong> ein Holzartikel mit Gravur ist ein treuer Begleiter f\u00fcr viele Jahre, der durch seine nat\u00fcrliche Best\u00e4ndigkeit stetig an ideellem Wert gewinnt.<\/span><\/li>\n<\/ul>\n<p>Weitere Informationen findest du auch in unseren\u00a0<a title=\"FAQ - H\u00e4ufige Fragen und Antworten rund um unsere Produkte\" href=\"https:\/\/werktraum33.at\/shop\/faq\/\" target=\"_blank\" rel=\"noopener\">FAQs<\/a>.<\/p>\n","protected":false},"excerpt":{"rendered":"<h2><strong class=\"Yjhzub\" data-sfc-cb=\"\" data-complete=\"true\" data-processed=\"true\">Echt Holz. Echt Du.<\/strong><\/h2>\n<h3><strong class=\"Yjhzub\" data-sfc-cb=\"\" data-complete=\"true\" data-processed=\"true\">Dein Begleiter voller Energie und Harmonie.<\/strong><\/h3>\n<div class=\"Y3BBE\" data-sfc-cp=\"\" data-sfc-root=\"c\" data-sfc-cb=\"\" data-hveid=\"CAEIBRAA\" data-complete=\"true\" data-processed=\"true\">Verleihe deinem Alltag eine besondere Note!<\/div>\n<div class=\"Y3BBE\" data-sfc-cp=\"\" data-sfc-root=\"c\" data-sfc-cb=\"\" data-hveid=\"CAEIBRAA\" data-complete=\"true\" data-processed=\"true\">Unser hochwertiger, runder Schl\u00fcsselanh\u00e4nger aus Naturholz wird durch die pr\u00e4zise Gravur der <strong class=\"Yjhzub\" data-sfc-root=\"c\" data-sfc-cb=\"\" data-complete=\"true\" data-processed=\"true\">Lebensblume<\/strong> zu einem kraftvollen Einzelst\u00fcck.<\/div>\n<div class=\"Y3BBE\" data-sfc-cp=\"\" data-sfc-root=\"c\" data-sfc-cb=\"\" data-hveid=\"CAEIBhAA\" data-complete=\"true\" data-processed=\"true\" aria-owns=\"action-menu-parent-container\">Ob als sch\u00fctzender Gl\u00fccksbringer f\u00fcr dich selbst oder als bedeutungsvolles Geschenk f\u00fcr einen Lieblingsmenschen \u2013 dieses Unikat aus dem Hause\u00a0<strong class=\"Yjhzub\" data-sfc-root=\"c\" data-sfc-cb=\"\" data-complete=\"true\" data-processed=\"true\">werk(t)raum33<\/strong>\u00a0verbindet zeitloses Design mit nat\u00fcrlicher Haptik.<\/div>\n<div data-sfc-cp=\"\" data-sfc-root=\"c\" data-sfc-cb=\"\" data-hveid=\"CAEIBhAA\" data-complete=\"true\" data-processed=\"true\" aria-owns=\"action-menu-parent-container\"><\/div>\n<div data-sfc-cp=\"\" data-sfc-root=\"c\" data-sfc-cb=\"\" data-hveid=\"CAEIBhAA\" data-complete=\"true\" data-processed=\"true\" aria-owns=\"action-menu-parent-container\">\n<div class=\"Y3BBE\" data-sfc-cp=\"\" data-sfc-root=\"c\" data-sfc-cb=\"\" data-hveid=\"CAEIBxAA\" data-complete=\"true\" data-processed=\"true\"><strong class=\"Yjhzub\" data-sfc-root=\"c\" data-sfc-cb=\"\" data-complete=\"true\" data-processed=\"true\">Deine Gestaltungsm\u00f6glichkeiten:<\/strong><br data-sfc-root=\"c\" data-sfc-pl=\"|[]\" data-sfc-cb=\"\" data-complete=\"true\" data-processed=\"true\" \/>W\u00e4hle unser detailreiches\u00a0<strong class=\"Yjhzub\" data-sfc-root=\"c\" data-sfc-cb=\"\" data-complete=\"true\" data-processed=\"true\">Lebensblume-Motiv<\/strong> oder lass dich von deiner eigenen Idee inspirieren.<\/div>\n<div data-sfc-cp=\"\" data-sfc-root=\"c\" data-sfc-cb=\"\" data-hveid=\"CAEIBxAA\" data-complete=\"true\" data-processed=\"true\">Optional kannst du gerne auch einen Wunschtext f\u00fcr die R\u00fcckseite des Anh\u00e4ngers angeben.<\/div>\n<div class=\"Y3BBE\" data-sfc-cp=\"\" data-sfc-root=\"c\" data-sfc-cb=\"\" data-hveid=\"CAEIBxAA\" data-complete=\"true\" data-processed=\"true\">Wir setzen deinen Wunschtext oder dein Symbol passgenau und mit h\u00f6chster Pr\u00e4zision auf dem runden Holzanh\u00e4nger um.<\/div>\n<div class=\"Y3BBE\" data-sfc-cp=\"\" data-sfc-root=\"c\" data-sfc-cb=\"\" data-hveid=\"CAEICBAA\" data-complete=\"true\" data-processed=\"true\"><em class=\"eujQNb\" data-sfc-root=\"c\" data-sfc-cb=\"\" data-complete=\"true\" data-processed=\"true\" aria-owns=\"action-menu-parent-container\">Bitte beachte, dass individuelle Symbole proportional in der Gr\u00f6\u00dfe des Hauptmotivs angepasst werden.<\/em><\/div>\n<\/div>\n<p><strong class=\"Yjhzub\" data-sfc-cb=\"\" data-complete=\"true\" data-processed=\"true\">Pr\u00e4zise Technik trifft auf die Kraft der Natur.<\/strong><\/p>\n","protected":false},"featured_media":1458,"comment_status":"open","ping_status":"closed","template":"","meta":[],"product_brand":[],"product_cat":[25],"product_tag":[284,283,282,281],"class_list":{"0":"post-1457","1":"product","2":"type-product","3":"status-publish","4":"has-post-thumbnail","6":"product_cat-accessoires","7":"product_tag-gluecksbringer-lebensblume","8":"product_tag-lebensblume-holz","9":"product_tag-schluesselanhaenger-rund-holz","10":"product_tag-schluesselanhaenger-rund-lebensblume","11":"product_shipping_class-versandtasche_textil","13":"first","14":"instock","15":"shipping-taxable","16":"purchasable","17":"product-type-variable"},"aioseo_notices":[],"_links":{"self":[{"href":"https:\/\/werktraum33.at\/shop\/wp-json\/wp\/v2\/product\/1457","targetHints":{"allow":["GET"]}}],"collection":[{"href":"https:\/\/werktraum33.at\/shop\/wp-json\/wp\/v2\/product"}],"about":[{"href":"https:\/\/werktraum33.at\/shop\/wp-json\/wp\/v2\/types\/product"}],"replies":[{"embeddable":true,"href":"https:\/\/werktraum33.at\/shop\/wp-json\/wp\/v2\/comments?post=1457"}],"wp:featuredmedia":[{"embeddable":true,"href":"https:\/\/werktraum33.at\/shop\/wp-json\/wp\/v2\/media\/1458"}],"wp:attachment":[{"href":"https:\/\/werktraum33.at\/shop\/wp-json\/wp\/v2\/media?parent=1457"}],"wp:term":[{"taxonomy":"product_brand","embeddable":true,"href":"https:\/\/werktraum33.at\/shop\/wp-json\/wp\/v2\/product_brand?post=1457"},{"taxonomy":"product_cat","embeddable":true,"href":"https:\/\/werktraum33.at\/shop\/wp-json\/wp\/v2\/product_cat?post=1457"},{"taxonomy":"product_tag","embeddable":true,"href":"https:\/\/werktraum33.at\/shop\/wp-json\/wp\/v2\/product_tag?post=1457"}],"curies":[{"name":"wp","href":"https:\/\/api.w.org\/{rel}","templated":true}]}}