{"id":1311,"date":"2026-03-26T18:13:54","date_gmt":"2026-03-26T17:13:54","guid":{"rendered":"https:\/\/werktraum33.at\/shop\/?post_type=product&#038;p=1311"},"modified":"2026-03-31T16:23:09","modified_gmt":"2026-03-31T14:23:09","slug":"personalisierbarer-flaschenoeffner-aus-holz","status":"publish","type":"product","link":"https:\/\/werktraum33.at\/shop\/produkt\/personalisierbarer-flaschenoeffner-aus-holz\/","title":{"rendered":"Personalisierbarer Flaschen\u00f6ffner aus Holz"},"content":{"rendered":"<h2 class=\"Y3BBE\" data-hveid=\"CAEIChAA\" data-complete=\"true\" data-processed=\"true\"><strong class=\"Yjhzub\" data-sfc-cb=\"\" data-complete=\"true\" data-processed=\"true\">Handgefertigte Pr\u00e4zision: Dein Wunschdesign auf edlem Holz<\/strong><\/h2>\n<div class=\"Y3BBE\" data-sfc-cp=\"\" data-sfc-cb=\"\" data-hveid=\"CAEIChAA\" data-complete=\"true\" data-processed=\"true\"><strong>Holz ist ein Werkstoff mit Charakter.<\/strong> Jede Maserung erz\u00e4hlt eine Geschichte \u2013 und mit deiner Gravur f\u00fcgen wir das wichtigste Kapitel hinzu.<\/div>\n<div class=\"Y3BBE\" data-sfc-cp=\"\" data-sfc-cb=\"\" data-hveid=\"CAEIChAA\" data-complete=\"true\" data-processed=\"true\">In unserer Manufaktur veredeln wir ausgew\u00e4hlte Holzprodukte, um deine Ideen dauerhaft und detailgetreu festzuhalten.<\/div>\n<div data-sfc-cp=\"\" data-sfc-cb=\"\" data-hveid=\"CAEIChAA\" data-complete=\"true\" data-processed=\"true\">Ob filigrane Symbole oder markante Schriftz\u00fcge: Wir bringen deine Vision direkt auf das Naturmaterial.<\/div>\n<div data-sfc-cp=\"\" data-sfc-cb=\"\" data-hveid=\"CAEICxAA\" data-complete=\"true\" data-processed=\"true\"><\/div>\n<div class=\"Y3BBE\" data-sfc-cp=\"\" data-sfc-cb=\"\" data-hveid=\"CAEICxAA\" data-complete=\"true\" data-processed=\"true\">\n<div class=\"AdPoic\" role=\"heading\" aria-level=\"3\" data-animation-nesting=\"\" data-sfc-cp=\"\" data-sfc-cb=\"\" data-complete=\"true\" data-processed=\"true\" data-sae=\"\"><strong class=\"Yjhzub\" data-sfc-cb=\"\" data-complete=\"true\">Warum unser graviertes Holzprodukt \u00fcberzeugt:<\/strong><\/div>\n<ul class=\"KsbFXc U6u95\" data-sfc-cb=\"\" data-complete=\"true\" data-processed=\"true\">\n<li class=\"dF3vjf\" data-sfc-cb=\"\" data-hveid=\"CAEIBRAA\" data-complete=\"true\" data-sae=\"\"><span class=\"T286Pc\" data-sfc-cp=\"\" data-sfc-cb=\"\" data-complete=\"true\"><strong class=\"Yjhzub\" data-sfc-cb=\"\" data-complete=\"true\">Maximale Gestaltungsfreiheit:<br \/>\n<\/strong>Du bist der Designer! Bei uns entscheidest du \u00fcber den Look.<br \/>\nOb ein inspirierender Spruch, ein wichtiger Name, ein Datum, das dein Leben ver\u00e4ndert hat, oder dein ganz pers\u00f6nliches Lieblingssymbol \u2013 wir setzen deine Vorstellungen eins zu eins um.<\/span><\/li>\n<li class=\"dF3vjf\" data-sfc-cb=\"\" data-hveid=\"CAEIBRAB\" data-complete=\"true\" data-sae=\"\"><span class=\"T286Pc\" data-sfc-cp=\"\" data-sfc-cb=\"\" data-complete=\"true\"><strong class=\"Yjhzub\" data-sfc-cb=\"\" data-complete=\"true\">Haptik &amp; Optik auf h\u00f6chstem Niveau:<br \/>\n<\/strong>Wir verwenden ausschlie\u00dflich hochwertiges, glatt geschliffenes Qualit\u00e4tsholz.<br \/>\nDurch die Bearbeitung entsteht eine edle, dunkle Gravur, die einen wundersch\u00f6nen Kontrast zur nat\u00fcrlichen Holzoberfl\u00e4che bildet und haptisch sp\u00fcrbar bleibt.<\/span><\/li>\n<li class=\"dF3vjf\" data-sfc-cb=\"\" data-hveid=\"CAEIBRAC\" data-complete=\"true\" data-sae=\"\"><span class=\"T286Pc\" data-sfc-cp=\"\" data-sfc-cb=\"\" data-complete=\"true\"><strong class=\"Yjhzub\" data-sfc-cb=\"\" data-complete=\"true\">Das perfekte Geschenk f\u00fcr jeden Anlass:<br \/>\n<\/strong>Personalisierte Geschenke sind ein Ausdruck besonderer Wertsch\u00e4tzung.<br \/>\nUnsere Produkte sind die ideale Wahl f\u00fcr Geburtstage, Hochzeiten, Taufen oder Firmenjubil\u00e4en.<br \/>\nAuch als kleine Aufmerksamkeit zwischendurch oder als nachhaltiges Werbemittel hinterlassen sie einen bleibenden Eindruck.<\/span><\/li>\n<li class=\"dF3vjf\" data-sfc-cb=\"\" data-hveid=\"CAEIBRAD\" data-complete=\"true\" data-sae=\"\"><span class=\"T286Pc\" data-sfc-cp=\"\" data-sfc-cb=\"\" data-complete=\"true\" aria-owns=\"action-menu-parent-container\"><strong class=\"Yjhzub\" data-sfc-cb=\"\" data-complete=\"true\">Langlebig &amp; Nachhaltig:<br \/>\n<\/strong>Wir setzen auf langlebige Naturprodukte.<br \/>\nEin Holzartikel mit Gravur ist kein Wegwerfprodukt, sondern ein Begleiter f\u00fcr viele Jahre, der die Personalisierung stetig an ideellem Wert gewinnt.<\/span><\/li>\n<\/ul>\n<p>Weitere Informationen findest du auch in unseren\u00a0<a title=\"FAQ - H\u00e4ufige Fragen und Antworten rund um unsere Produkte\" href=\"https:\/\/werktraum33.at\/shop\/faq\/\" target=\"_blank\" rel=\"noopener\">FAQs<\/a>.<\/p>\n<\/div>\n","protected":false},"excerpt":{"rendered":"<h2><strong class=\"Yjhzub\" data-sfc-cb=\"\" data-complete=\"true\" data-processed=\"true\">Echt Holz. Echt Du.<\/strong><\/h2>\n<h3><strong class=\"Yjhzub\" data-sfc-cb=\"\" data-complete=\"true\" data-processed=\"true\">Dein personalisiertes Unikat mit Gravur.<\/strong><\/h3>\n<p>Verleihe deinem Alltag eine pers\u00f6nliche Note!<br \/>\nOb als besonderes Geschenk oder f\u00fcr dich selbst \u2013 unser hochwertiges <strong class=\"Yjhzub\" data-sfc-cb=\"\" data-complete=\"true\" data-processed=\"true\">Naturholz-Produkt<\/strong>\u00a0wird durch deine individuelle\u00a0<strong class=\"Yjhzub\" data-sfc-cb=\"\" data-complete=\"true\" data-processed=\"true\">Wunschgravur<\/strong> zum Einzelst\u00fcck.<br \/>\nGestalte den Text und \/ oder das\u00a0 Symbol ganz nach deinen Vorstellungen.<br \/>\nWahlweise mit einseitiger oder zweiseitiger Gravur.<\/p>\n<p><strong class=\"Yjhzub\" data-sfc-cb=\"\" data-complete=\"true\" data-processed=\"true\" aria-owns=\"action-menu-parent-container\">Pr\u00e4zise Technik trifft auf rustikalen Charme.<\/strong><\/p>\n","protected":false},"featured_media":1327,"comment_status":"open","ping_status":"closed","template":"","meta":[],"product_brand":[],"product_cat":[25],"product_tag":[],"class_list":{"0":"post-1311","1":"product","2":"type-product","3":"status-publish","4":"has-post-thumbnail","6":"product_cat-accessoires","7":"product_shipping_class-versandtasche_textil","9":"first","10":"instock","11":"shipping-taxable","12":"purchasable","13":"product-type-variable"},"aioseo_notices":[],"_links":{"self":[{"href":"https:\/\/werktraum33.at\/shop\/wp-json\/wp\/v2\/product\/1311","targetHints":{"allow":["GET"]}}],"collection":[{"href":"https:\/\/werktraum33.at\/shop\/wp-json\/wp\/v2\/product"}],"about":[{"href":"https:\/\/werktraum33.at\/shop\/wp-json\/wp\/v2\/types\/product"}],"replies":[{"embeddable":true,"href":"https:\/\/werktraum33.at\/shop\/wp-json\/wp\/v2\/comments?post=1311"}],"wp:featuredmedia":[{"embeddable":true,"href":"https:\/\/werktraum33.at\/shop\/wp-json\/wp\/v2\/media\/1327"}],"wp:attachment":[{"href":"https:\/\/werktraum33.at\/shop\/wp-json\/wp\/v2\/media?parent=1311"}],"wp:term":[{"taxonomy":"product_brand","embeddable":true,"href":"https:\/\/werktraum33.at\/shop\/wp-json\/wp\/v2\/product_brand?post=1311"},{"taxonomy":"product_cat","embeddable":true,"href":"https:\/\/werktraum33.at\/shop\/wp-json\/wp\/v2\/product_cat?post=1311"},{"taxonomy":"product_tag","embeddable":true,"href":"https:\/\/werktraum33.at\/shop\/wp-json\/wp\/v2\/product_tag?post=1311"}],"curies":[{"name":"wp","href":"https:\/\/api.w.org\/{rel}","templated":true}]}}