{"id":1282,"date":"2026-03-18T19:53:07","date_gmt":"2026-03-18T18:53:07","guid":{"rendered":"https:\/\/werktraum33.at\/shop\/?post_type=product&#038;p=1282"},"modified":"2026-03-18T19:53:07","modified_gmt":"2026-03-18T18:53:07","slug":"personalisierbarer-massstab-aus-holz","status":"publish","type":"product","link":"https:\/\/werktraum33.at\/shop\/produkt\/personalisierbarer-massstab-aus-holz\/","title":{"rendered":"Personalisierbarer Ma\u00dfstab aus Holz"},"content":{"rendered":"<h2 data-hveid=\"CAEICRAA\" data-complete=\"true\" data-processed=\"true\"><strong class=\"Yjhzub\" data-sfc-cb=\"\" data-complete=\"true\" data-processed=\"true\" aria-owns=\"action-menu-parent-container\">Nachgemessen: Du bist der Beste! \u2013 Dein individueller Holz-Ma\u00dfstab<\/strong><\/h2>\n<div class=\"Y3BBE\" data-sfc-cp=\"\" data-sfc-cb=\"\" data-hveid=\"CAEICRAA\" data-complete=\"true\" data-processed=\"true\">Ein Zollstock geh\u00f6rt in jede Werkzeugkiste \u2013 aber dieser Ma\u00dfstab ist etwas ganz Besonderes. Er ist nicht nur ein pr\u00e4zises Messwerkzeug, sondern eine t\u00e4gliche Erinnerung daran, wie wichtig Papa ist.<\/div>\n<div class=\"Y3BBE\" data-sfc-cp=\"\" data-sfc-cb=\"\" data-hveid=\"CAEIChAA\" data-complete=\"true\" data-processed=\"true\">Das hochwertige Holz-Jausenbrett&#8230; ach nein, der robuste\u00a0<strong class=\"Yjhzub\" data-sfc-cb=\"\" data-complete=\"true\" data-processed=\"true\">Holz-Ma\u00dfstab<\/strong> \u00fcberzeugt durch stabile Gelenke und eine klare Skalierung.<br \/>\nDas Highlight ist jedoch die pr\u00e4zise Liniengravur: \u201ePapa [Herz] Wir haben nachgemessen \u2013 du bist gro\u00dfartig\u201c.<br \/>\nOb beim Heimwerken, auf der Baustelle oder beim gemeinsamen Basteln \u2013 mit diesem pers\u00f6nlichen Geschenk im Gep\u00e4ck macht die Arbeit gleich doppelt Freude.<\/div>\n<div data-sfc-cp=\"\" data-sfc-cb=\"\" data-hveid=\"CAEIChAA\" data-complete=\"true\" data-processed=\"true\"><\/div>\n<div data-sfc-cp=\"\" data-sfc-cb=\"\" data-hveid=\"CAEIChAA\" data-complete=\"true\" data-processed=\"true\">Du m\u00f6chtest statt der &#8218;Papa&#8216;-Gravur lieber einen eigenen Namen oder einen ganz pers\u00f6nlichen Spruch verewigen?<br \/>\nKein Problem! Dieser Holz-Ma\u00dfstab ist vollst\u00e4ndig <strong class=\"Yjhzub\" data-sfc-cb=\"\" data-complete=\"true\" data-processed=\"true\">personalisierbar<\/strong>.<br \/>\nGib einfach deinen Wunschtext an, und ich gestalte f\u00fcr dich ein Unikat, das exakt zu deinem Lieblingsmenschen passt.<\/div>\n<div data-sfc-cp=\"\" data-sfc-cb=\"\" data-hveid=\"CAEIChAA\" data-complete=\"true\" data-processed=\"true\"><\/div>\n<div class=\"Y3BBE\" data-sfc-cp=\"\" data-sfc-cb=\"\" data-hveid=\"CAEICxAA\" data-complete=\"true\" data-processed=\"true\">Im\u00a0<strong class=\"Yjhzub\" data-sfc-cb=\"\" data-complete=\"true\" data-processed=\"true\">werk(t)raum33<\/strong> wird jeder Zollstock sorgf\u00e4ltig von mir veredelt.<br \/>\nSo entsteht ein langlebiges Geschenk zum Vatertag, Geburtstag oder einfach als kleine Aufmerksamkeit zwischendurch.<\/div>\n<div data-sfc-cp=\"\" data-sfc-cb=\"\" data-hveid=\"CAEIDBAA\" data-complete=\"true\" data-processed=\"true\"><\/div>\n<div class=\"Y3BBE\" data-sfc-cp=\"\" data-sfc-cb=\"\" data-hveid=\"CAEIDBAA\" data-complete=\"true\" data-processed=\"true\"><strong class=\"Yjhzub\" data-sfc-cb=\"\" data-complete=\"true\" data-processed=\"true\">Produktdetails auf einen Blick:<\/strong><\/div>\n<ul class=\"KsbFXc U6u95\" data-sfc-cb=\"\" data-processed=\"true\" data-complete=\"true\">\n<li class=\"dF3vjf\" data-sfc-cb=\"\" data-hveid=\"CAEICBAA\" data-complete=\"true\" data-sae=\"\"><span class=\"T286Pc\" data-sfc-cp=\"\" data-sfc-cb=\"\" data-complete=\"true\" aria-owns=\"action-menu-parent-container\"><strong class=\"Yjhzub\" data-sfc-cb=\"\" data-complete=\"true\">Individuell gestaltbar:<\/strong>\u00a0W\u00e4hle unseren beliebten Spruch \u201ePapa \u2764\ufe0f Wir haben nachgemessen&#8230;\u201c oder gestalte den Ma\u00dfstab mit deinem\u00a0<strong class=\"Yjhzub\" data-sfc-cb=\"\" data-complete=\"true\">eigenen Wunschtext<\/strong>.<\/span><\/li>\n<li class=\"dF3vjf\" data-sfc-cb=\"\" data-hveid=\"CAEIDRAB\" data-complete=\"true\" data-sae=\"\"><span class=\"T286Pc\" data-sfc-cp=\"\" data-sfc-cb=\"\" data-complete=\"true\"><strong class=\"Yjhzub\" data-sfc-cb=\"\" data-complete=\"true\">Hochwertiges Naturmaterial:<\/strong>\u00a0Stabiler Ma\u00dfstab aus Holz mit robuster Mechanik.<\/span><\/li>\n<li class=\"dF3vjf\" data-sfc-cb=\"\" data-hveid=\"CAEIDRAC\" data-complete=\"true\" data-sae=\"\"><span class=\"T286Pc\" data-sfc-cp=\"\" data-sfc-cb=\"\" data-complete=\"true\"><strong class=\"Yjhzub\" data-sfc-cb=\"\" data-complete=\"true\">Pr\u00e4zise Technik:<\/strong>\u00a0Langlebige Gravur, die auch bei t\u00e4glichem Gebrauch perfekt lesbar bleibt.<\/span><\/li>\n<li class=\"dF3vjf\" data-sfc-cb=\"\" data-hveid=\"CAEIDRAD\" data-complete=\"true\" data-sae=\"\"><span class=\"T286Pc\" data-sfc-cp=\"\" data-sfc-cb=\"\" data-complete=\"true\"><strong class=\"Yjhzub\" data-sfc-cb=\"\" data-complete=\"true\">Ideales Vatertagsgeschenk:<\/strong>\u00a0Emotional, praktisch und individuell.<\/span><\/li>\n<\/ul>\n<div class=\"Y3BBE\" data-sfc-cp=\"\" data-sfc-cb=\"\" data-hveid=\"CAEIDhAA\" data-complete=\"true\" data-processed=\"true\"><strong class=\"Yjhzub\" data-sfc-cb=\"\" data-complete=\"true\" data-processed=\"true\" aria-owns=\"action-menu-parent-container\">Jetzt das perfekte Geschenk f\u00fcr den besten Papa im werk(t)raum33 sichern!<\/strong><\/div>\n<div data-sfc-cp=\"\" data-sfc-cb=\"\" data-hveid=\"CAEIDhAA\" data-complete=\"true\" data-processed=\"true\"><\/div>\n<div data-sfc-cp=\"\" data-sfc-cb=\"\" data-hveid=\"CAEIDhAA\" data-complete=\"true\" data-processed=\"true\">F\u00fcr weitere Fragen schau bitte in unsere\u00a0<a href=\"https:\/\/werktraum33.at\/shop\/faq\/\">FAQs<\/a>.<\/div>\n","protected":false},"excerpt":{"rendered":"<p><strong class=\"Yjhzub\" data-sfc-cb=\"\" data-complete=\"true\" data-processed=\"true\">Echt Holz. Echt Du.<\/strong><\/p>\n<p>Nachgemessen und f\u00fcr gro\u00dfartig befunden!<br \/>\nDieser hochwertige Holz-Ma\u00dfstab mit der liebevollen Gravur \u201ePapa \u2764\ufe0f Wir haben nachgemessen \u2013 du bist gro\u00dfartig\u201c ist das ideale Geschenk zum Vatertag.<br \/>\nEin funktionales Unikat von <strong class=\"Yjhzub\" data-sfc-cb=\"\" data-complete=\"true\" data-processed=\"true\">werk(t)raum33<\/strong>, das jedem Papa bei seinen Projekten ein L\u00e4cheln ins Gesicht zaubert.<\/p>\n","protected":false},"featured_media":1284,"comment_status":"open","ping_status":"closed","template":"","meta":[],"product_brand":[],"product_cat":[94],"product_tag":[],"class_list":{"0":"post-1282","1":"product","2":"type-product","3":"status-publish","4":"has-post-thumbnail","6":"product_cat-saisonales","7":"product_shipping_class-versandtasche_textil","9":"first","10":"instock","11":"shipping-taxable","12":"purchasable","13":"product-type-variable","14":"has-default-attributes"},"aioseo_notices":[],"_links":{"self":[{"href":"https:\/\/werktraum33.at\/shop\/wp-json\/wp\/v2\/product\/1282","targetHints":{"allow":["GET"]}}],"collection":[{"href":"https:\/\/werktraum33.at\/shop\/wp-json\/wp\/v2\/product"}],"about":[{"href":"https:\/\/werktraum33.at\/shop\/wp-json\/wp\/v2\/types\/product"}],"replies":[{"embeddable":true,"href":"https:\/\/werktraum33.at\/shop\/wp-json\/wp\/v2\/comments?post=1282"}],"wp:featuredmedia":[{"embeddable":true,"href":"https:\/\/werktraum33.at\/shop\/wp-json\/wp\/v2\/media\/1284"}],"wp:attachment":[{"href":"https:\/\/werktraum33.at\/shop\/wp-json\/wp\/v2\/media?parent=1282"}],"wp:term":[{"taxonomy":"product_brand","embeddable":true,"href":"https:\/\/werktraum33.at\/shop\/wp-json\/wp\/v2\/product_brand?post=1282"},{"taxonomy":"product_cat","embeddable":true,"href":"https:\/\/werktraum33.at\/shop\/wp-json\/wp\/v2\/product_cat?post=1282"},{"taxonomy":"product_tag","embeddable":true,"href":"https:\/\/werktraum33.at\/shop\/wp-json\/wp\/v2\/product_tag?post=1282"}],"curies":[{"name":"wp","href":"https:\/\/api.w.org\/{rel}","templated":true}]}}