{"id":1279,"date":"2026-03-18T17:59:46","date_gmt":"2026-03-18T16:59:46","guid":{"rendered":"https:\/\/werktraum33.at\/shop\/?post_type=product&#038;p=1279"},"modified":"2026-03-20T20:10:38","modified_gmt":"2026-03-20T19:10:38","slug":"baumwoll-ostersackerl-klein-personalisierbar-14-x-19-cm","status":"publish","type":"product","link":"https:\/\/werktraum33.at\/shop\/produkt\/baumwoll-ostersackerl-klein-personalisierbar-14-x-19-cm\/","title":{"rendered":"Baumwoll-Ostersackerl klein personalisierbar (14 x 19 cm)"},"content":{"rendered":"<h2>Personalisierbares Ostersackerl aus Baumwolle mit s\u00fc\u00dfem Schafmotiv \u2013 nachhaltige Geschenkidee zu Ostern<\/h2>\n<div>\n<div>Dieses liebevoll gestaltete <strong>Ostersackerl aus Baumwolle<\/strong> mit herzigem Schaf-Motiv ist die perfekte M\u00f6glichkeit, kleine Oster\u00fcberraschungen stilvoll und nachhaltig zu verpacken.<br \/>\nDurch das <strong>kompakte Format<\/strong> eignet es sich ideal f\u00fcr feine Aufmerksamkeiten wie hochwertige Schokolade, bunte Ostereier oder kleine Spielsachen.<\/div>\n<div><\/div>\n<div>Der wei\u00dfe Baumwollbeutel ist hochwertig verarbeitet und bietet durch die Personalisierung mit Namen oder einem kurzen Wunschtext unendlich viele Gestaltungsm\u00f6glichkeiten.<\/div>\n<div>Im <strong class=\"Yjhzub\" data-sfc-cb=\"\" data-complete=\"true\" data-processed=\"true\">werk(t)raum33 <\/strong>wird jedes Sackerl pr\u00e4zise nach deinen Vorgaben veredelt, damit bei der Suche im Garten garantiert keine Verwechslungen entstehen.<\/div>\n<div><\/div>\n<div>Das nat\u00fcrliche Material ist strapazierf\u00e4hig,\u00a0<strong class=\"Yjhzub\" data-sfc-cb=\"\" data-complete=\"true\" data-processed=\"true\">vorgewaschen<\/strong>\u00a0und bleibt somit formstabil. Dank des praktischen Kordelzugs sind alle Sch\u00e4tze sicher verstaut.<\/div>\n<div><\/div>\n<\/div>\n<div><\/div>\n<div>\n<div class=\"Y3BBE\" data-sfc-cp=\"\" data-sfc-cb=\"\" data-hveid=\"CAEIDBAA\" data-complete=\"true\" data-processed=\"true\"><strong class=\"Yjhzub\" data-sfc-cb=\"\" data-complete=\"true\" data-processed=\"true\">Produktdetails auf einen Blick:<\/strong><\/div>\n<ul class=\"KsbFXc U6u95\" data-sfc-cb=\"\" data-processed=\"true\" data-complete=\"true\">\n<li class=\"dF3vjf\" data-sfc-cb=\"\" data-hveid=\"CAEIDRAA\" data-complete=\"true\" data-sae=\"\"><span class=\"T286Pc\" data-sfc-cp=\"\" data-sfc-cb=\"\" data-complete=\"true\"><strong class=\"Yjhzub\" data-sfc-cb=\"\" data-complete=\"true\">Individuell gestaltbar:<\/strong>\u00a0Wunschtext oder Name frei w\u00e4hlbar \u2013 perfekt f\u00fcr eine pers\u00f6nliche Botschaft.<\/span><\/li>\n<li class=\"dF3vjf\" data-sfc-cb=\"\" data-hveid=\"CAEIDRAB\" data-complete=\"true\" data-sae=\"\"><span class=\"T286Pc\" data-sfc-cp=\"\" data-sfc-cb=\"\" data-complete=\"true\"><strong class=\"Yjhzub\" data-sfc-cb=\"\" data-complete=\"true\">S\u00fc\u00dfes Schaf-Motiv:<\/strong> liebevoll gestaltetes Design, ideal f\u00fcr Kinder und Tierliebhaber.<\/span><\/li>\n<li class=\"dF3vjf\" data-sfc-cb=\"\" data-hveid=\"CAEIDRAC\" data-complete=\"true\" data-sae=\"\"><span class=\"T286Pc\" data-sfc-cp=\"\" data-sfc-cb=\"\" data-complete=\"true\"><strong class=\"Yjhzub\" data-sfc-cb=\"\" data-complete=\"true\">Kompaktes Format:<\/strong> die handliche Gr\u00f6\u00dfe f\u00fcr kleine Oster-\u00dcberraschungen.<\/span><\/li>\n<li class=\"dF3vjf\" data-sfc-cb=\"\" data-hveid=\"CAEIDRAD\" data-complete=\"true\" data-sae=\"\"><span class=\"T286Pc\" data-sfc-cp=\"\" data-sfc-cb=\"\" data-complete=\"true\"><strong class=\"Yjhzub\" data-sfc-cb=\"\" data-complete=\"true\">Nachhaltig &amp; Wiederverwendbar:<\/strong> aus 100 % Naturbaumwolle \u2013 die umweltfreundliche Alternative zum Einweg-Nest.<\/span><\/li>\n<li class=\"dF3vjf\" data-sfc-cb=\"\" data-hveid=\"CAEIDRAE\" data-sae=\"\" data-complete=\"true\"><span class=\"T286Pc\" data-sfc-cp=\"\" data-sfc-cb=\"\" data-complete=\"true\"><strong class=\"Yjhzub\" data-sfc-cb=\"\" data-complete=\"true\">Vorgewaschen:<\/strong> fachgerecht vorbearbeitet f\u00fcr maximale Formstabilit\u00e4t.<\/span><\/li>\n<li class=\"dF3vjf\" data-sfc-cb=\"\" data-hveid=\"CAEIDRAF\" data-complete=\"true\" data-processed=\"true\" data-sae=\"\"><span class=\"T286Pc\" data-sfc-cp=\"\" data-sfc-cb=\"\" data-complete=\"true\"><strong class=\"Yjhzub\" data-sfc-cb=\"\" data-complete=\"true\">Handveredelt im werk(t)raum:<\/strong>\u00a0Jedes\u00a0<strong class=\"Yjhzub\" data-sfc-cb=\"\" data-complete=\"true\">personalisierbare<\/strong> Ostersackerl wird mit Liebe zum Detail gefertigt.<\/span><\/li>\n<\/ul>\n<div class=\"Y3BBE\" data-sfc-cp=\"\" data-sfc-cb=\"\" data-hveid=\"CAEIDhAA\" data-complete=\"true\" data-processed=\"true\" aria-owns=\"action-menu-parent-container\">Ob f\u00fcr die eigenen Kinder, das Patenkind oder als kleine Aufmerksamkeit f\u00fcr Freunde \u2013 dieses individuell veredelte Sackerl macht Ostern zu etwas Besonderem.<\/div>\n<\/div>\n<div>\n<p>Dieses Ostersackerl ist nicht nur eine s\u00fc\u00dfe Verpackung \u2013 es wird schnell zu einem <strong>wertvollen Erinnerungsst\u00fcck<\/strong>, das jedes Jahr aufs Neue Freude bereitet.<\/p>\n<\/div>\n<p>Weitere Informationen findest du auch in unseren <a title=\"FAQ - H\u00e4ufige Fragen und Antworten rund um unsere Produkte\" href=\"https:\/\/werktraum33.at\/shop\/faq\/\" target=\"_blank\" rel=\"noopener\">FAQs<\/a>.<\/p>\n","protected":false},"excerpt":{"rendered":"<h2 data-hveid=\"CAEICBAA\" data-complete=\"true\"><strong class=\"Yjhzub\" data-complete=\"true\">Mache Ostern zum Unikat!<\/strong>\u00a0<img decoding=\"async\" class=\"emoji\" role=\"img\" draggable=\"false\" src=\"https:\/\/s.w.org\/images\/core\/emoji\/17.0.2\/svg\/2728.svg\" alt=\"\u2728\" \/><\/h2>\n<div class=\"Y3BBE\" data-sfc-cp=\"\" data-hveid=\"CAEICBAA\" data-complete=\"true\">Mache die Osternestsuche zu einem pers\u00f6nlichen Erlebnis!<\/div>\n<div class=\"Y3BBE\" data-sfc-cp=\"\" data-hveid=\"CAEICBAA\" data-complete=\"true\">Dieses hochwertige, kleine Ostersackerl mit s\u00fc\u00dfem <strong class=\"Yjhzub\" data-sfc-cb=\"\" data-complete=\"true\" data-processed=\"true\">Schaf-Motiv<\/strong>\u00a0wird durch deinen individuellen\u00a0<strong class=\"Yjhzub\" data-sfc-cb=\"\" data-complete=\"true\" data-processed=\"true\">Wunschtext<\/strong> zum unverwechselbaren Unikat.<\/div>\n<div class=\"Y3BBE\" data-sfc-cp=\"\" data-hveid=\"CAEICBAA\" data-complete=\"true\">Ein nachhaltiges und kompaktes Geschenk von\u00a0<strong class=\"Yjhzub\" data-sfc-cb=\"\" data-complete=\"true\" data-processed=\"true\">werk(t)raum33<\/strong>, das garantiert Freude bereitet.<\/div>\n","protected":false},"featured_media":1280,"comment_status":"open","ping_status":"closed","template":"","meta":[],"product_brand":[],"product_cat":[94],"product_tag":[252,251],"class_list":{"0":"post-1279","1":"product","2":"type-product","3":"status-publish","4":"has-post-thumbnail","6":"product_cat-saisonales","7":"product_tag-baumwoll-ostersackerl-klein","8":"product_tag-baumwoll-ostersackler-mit-wunschtext","9":"product_shipping_class-versandtasche_textil","11":"first","12":"outofstock","13":"shipping-taxable","14":"purchasable","15":"product-type-simple"},"aioseo_notices":[],"_links":{"self":[{"href":"https:\/\/werktraum33.at\/shop\/wp-json\/wp\/v2\/product\/1279","targetHints":{"allow":["GET"]}}],"collection":[{"href":"https:\/\/werktraum33.at\/shop\/wp-json\/wp\/v2\/product"}],"about":[{"href":"https:\/\/werktraum33.at\/shop\/wp-json\/wp\/v2\/types\/product"}],"replies":[{"embeddable":true,"href":"https:\/\/werktraum33.at\/shop\/wp-json\/wp\/v2\/comments?post=1279"}],"wp:featuredmedia":[{"embeddable":true,"href":"https:\/\/werktraum33.at\/shop\/wp-json\/wp\/v2\/media\/1280"}],"wp:attachment":[{"href":"https:\/\/werktraum33.at\/shop\/wp-json\/wp\/v2\/media?parent=1279"}],"wp:term":[{"taxonomy":"product_brand","embeddable":true,"href":"https:\/\/werktraum33.at\/shop\/wp-json\/wp\/v2\/product_brand?post=1279"},{"taxonomy":"product_cat","embeddable":true,"href":"https:\/\/werktraum33.at\/shop\/wp-json\/wp\/v2\/product_cat?post=1279"},{"taxonomy":"product_tag","embeddable":true,"href":"https:\/\/werktraum33.at\/shop\/wp-json\/wp\/v2\/product_tag?post=1279"}],"curies":[{"name":"wp","href":"https:\/\/api.w.org\/{rel}","templated":true}]}}