{"id":1274,"date":"2026-03-18T16:51:58","date_gmt":"2026-03-18T15:51:58","guid":{"rendered":"https:\/\/werktraum33.at\/shop\/?post_type=product&#038;p=1274"},"modified":"2026-04-08T05:38:44","modified_gmt":"2026-04-08T03:38:44","slug":"personalisierbarer-jausnbrettl-aus-holz","status":"publish","type":"product","link":"https:\/\/werktraum33.at\/shop\/produkt\/personalisierbarer-jausnbrettl-aus-holz\/","title":{"rendered":"Personalisierbares Jausnbrettl aus Holz"},"content":{"rendered":"<h2 class=\"otQkpb\" role=\"heading\" aria-level=\"3\" data-complete=\"true\" data-processed=\"true\"><strong class=\"Yjhzub\" data-sfc-cb=\"\" data-complete=\"true\">Personalisiertes Jausnbrettl aus Holz mit Gravur<\/strong><\/h2>\n<div class=\"otQkpb\" role=\"heading\" aria-level=\"3\" data-animation-nesting=\"\" data-sfc-cp=\"\" data-sfc-cb=\"\" data-complete=\"true\" data-processed=\"true\" data-sae=\"\">Ein hochwertiges Holzbrett ist ein langlebiger Begleiter f\u00fcr jede Jause.<br \/>\nDieses <strong class=\"Yjhzub\" data-sfc-cb=\"\" data-complete=\"true\" data-processed=\"true\">Jausnbrettl<\/strong> wird durch eine individuelle Gravur nach deinem Wunsch zu einem pers\u00f6nlichen Unikat.<\/div>\n<div role=\"heading\" aria-level=\"3\" data-animation-nesting=\"\" data-sfc-cp=\"\" data-sfc-cb=\"\" data-complete=\"true\" data-processed=\"true\" data-sae=\"\">Das Brettchen aus robustem Holz \u00fcberzeugt durch eine nat\u00fcrliche Maserung und eine besonders hochwertige Verarbeitung.<\/div>\n<div role=\"heading\" aria-level=\"3\" data-animation-nesting=\"\" data-sfc-cp=\"\" data-sfc-cb=\"\" data-complete=\"true\" data-processed=\"true\" data-sae=\"\">Es ist nicht nur funktional, sondern auch ein echter Blickfang auf jedem Tisch.<\/div>\n<div role=\"heading\" aria-level=\"3\" data-animation-nesting=\"\" data-sfc-cp=\"\" data-sfc-cb=\"\" data-complete=\"true\" data-processed=\"true\" data-sae=\"\">Ob als pers\u00f6nliches Geschenk zum Geburtstag, zum Einzug ins neue Heim oder f\u00fcr den eigenen Haushalt \u2013 ein graviertes Holzbrett schenkt Freude, die bleibt.<\/div>\n<div role=\"heading\" aria-level=\"3\" data-animation-nesting=\"\" data-sfc-cp=\"\" data-sfc-cb=\"\" data-complete=\"true\" data-processed=\"true\" data-sae=\"\"><\/div>\n<div class=\"otQkpb\" role=\"heading\" aria-level=\"3\" data-animation-nesting=\"\" data-sfc-cp=\"\" data-sfc-cb=\"\" data-complete=\"true\" data-processed=\"true\" data-sae=\"\"><strong class=\"Yjhzub\" data-sfc-cb=\"\" data-complete=\"true\" data-processed=\"true\">Produktdetails auf einen Blick:<\/strong><\/div>\n<ul>\n<li class=\"otQkpb\" role=\"heading\" aria-level=\"3\" data-complete=\"true\" data-processed=\"true\"><strong class=\"Yjhzub\" data-sfc-cb=\"\" data-complete=\"true\">Individuell gestaltbar:<\/strong> dein Wunschname ist frei w\u00e4hlbar (z.B. \u201eHertas Jausnbrettl\u201c).<\/li>\n<li class=\"otQkpb\" role=\"heading\" aria-level=\"3\" data-complete=\"true\" data-processed=\"true\"><span class=\"T286Pc\" data-sfc-cp=\"\" data-sfc-cb=\"\" data-complete=\"true\"><strong class=\"Yjhzub\" data-sfc-cb=\"\" data-complete=\"true\">Hochwertiges Naturmaterial:<\/strong> langlebiges Holz mit glatter Oberfl\u00e4che.<\/span><\/li>\n<li class=\"otQkpb\" role=\"heading\" aria-level=\"3\" data-complete=\"true\" data-processed=\"true\"><span class=\"T286Pc\" data-sfc-cp=\"\" data-sfc-cb=\"\" data-complete=\"true\"><strong class=\"Yjhzub\" data-sfc-cb=\"\" data-complete=\"true\">Vielseitig einsetzbar:<\/strong> als Schneidebrett, Jausenbrett oder Servierplatte f\u00fcr Speck und K\u00e4se<\/span><\/li>\n<li class=\"dF3vjf\" data-sfc-cb=\"\" data-hveid=\"CAEICRAD\" data-complete=\"true\" data-processed=\"true\" data-sae=\"\"><span class=\"T286Pc\" data-sfc-cp=\"\" data-sfc-cb=\"\" data-complete=\"true\" aria-owns=\"action-menu-parent-container\"><strong class=\"Yjhzub\" data-sfc-cb=\"\" data-complete=\"true\">Nachhaltig &amp; Robust:<\/strong>\u00a0Holz ist von Natur aus hygienisch und messerschonend.<\/span><\/li>\n<li class=\"otQkpb\" role=\"heading\" aria-level=\"3\" data-complete=\"true\" data-processed=\"true\"><span class=\"T286Pc\" data-sfc-cp=\"\" data-sfc-cb=\"\" data-complete=\"true\"><strong class=\"Yjhzub\" data-sfc-cb=\"\" data-complete=\"true\">Handveredelt:<\/strong> jedes\u00a0<strong class=\"Yjhzub\" data-sfc-cb=\"\" data-complete=\"true\">personalisierbare<\/strong> Jausenbrett wird sorgf\u00e4ltig graviert.<\/span><\/li>\n<\/ul>\n<div class=\"Y3BBE\" data-sfc-cp=\"\" data-sfc-cb=\"\" data-hveid=\"CAEIChAA\" data-complete=\"true\" data-processed=\"true\"><strong class=\"Yjhzub\" data-sfc-cb=\"\" data-complete=\"true\" data-processed=\"true\">Pflegehinweis:<\/strong> Damit du lange Freude an deinem Unikat hast, empfehlen wir die Reinigung per Hand. Ein gelegentliches Einreiben mit etwas Speise\u00f6l erh\u00e4lt die nat\u00fcrliche Sch\u00f6nheit des Holzes.<\/div>\n<div data-sfc-cp=\"\" data-sfc-cb=\"\" data-hveid=\"CAEIChAA\" data-complete=\"true\" data-processed=\"true\"><\/div>\n<div class=\"Y3BBE\" data-sfc-cp=\"\" data-sfc-cb=\"\" data-hveid=\"CAEIChAA\" data-complete=\"true\" data-processed=\"true\">Gestalte jetzt dein pers\u00f6nliches Lieblingsst\u00fcck im\u00a0<strong class=\"Yjhzub\" data-sfc-cb=\"\" data-complete=\"true\" data-processed=\"true\">werk(t)raum33<\/strong>\u00a0und schenke ein funktionales Unikat mit pers\u00f6nlicher Note.<\/div>\n<div class=\"Y3BBE\" data-sfc-cp=\"\" data-sfc-cb=\"\" data-hveid=\"CAEICxAA\" data-complete=\"true\" data-processed=\"true\">\n<p>Weitere Informationen findest du auch in unseren\u00a0<a title=\"FAQ - H\u00e4ufige Fragen und Antworten rund um unsere Produkte\" href=\"https:\/\/werktraum33.at\/shop\/faq\/\" target=\"_blank\" rel=\"noopener\">FAQs<\/a>.<\/p>\n<\/div>\n","protected":false},"excerpt":{"rendered":"<h2><strong class=\"Yjhzub\" data-sfc-cb=\"\" data-complete=\"true\" data-processed=\"true\">Echt Holz. Echt Du.<\/strong><\/h2>\n<h3><strong class=\"Yjhzub\" data-sfc-cb=\"\" data-complete=\"true\" data-processed=\"true\">Dein personalisiertes Unikat mit Gravur.<\/strong><\/h3>\n<p>Mache jede Jause zu einem pers\u00f6nlichen Erlebnis!<br \/>\nDieses hochwertige <strong class=\"Yjhzub\" data-sfc-cb=\"\" data-complete=\"true\">Jausnbrettl<\/strong> aus robustem Holz wird durch deine individuelle Namensgravur zum unverwechselbaren Unikat.<br \/>\nEin funktionales und langlebiges Geschenk von\u00a0<strong class=\"Yjhzub\" data-sfc-cb=\"\" data-complete=\"true\">werk(t)raum33<\/strong>, das garantiert Freude bereitet.<\/p>\n<p><strong class=\"Yjhzub\" data-sfc-root=\"c\" data-sfc-cb=\"\" data-complete=\"true\">Dein Wunschdesign:<br \/>\n<\/strong>Du hast eine ganz eigene Idee? Schreib mir einfach \u00fcber das <a href=\"https:\/\/werktraum33.at\/shop\/kontakt\/\"><strong class=\"Yjhzub\" data-sfc-cb=\"\" data-complete=\"true\">Kontaktformular<\/strong><\/a> \u2013 gemeinsam lassen wir dein ganz pers\u00f6nliches Einzelst\u00fcck entstehen.<\/p>\n<p><strong class=\"Yjhzub\" data-sfc-cb=\"\" data-complete=\"true\" data-processed=\"true\" aria-owns=\"action-menu-parent-container\">Pr\u00e4zise Technik trifft auf rustikalen Charme.<\/strong><\/p>\n","protected":false},"featured_media":1271,"comment_status":"open","ping_status":"closed","template":"","meta":[],"product_brand":[],"product_cat":[25],"product_tag":[243,246,250,242,245,248,249,244,247],"class_list":{"0":"post-1274","1":"product","2":"type-product","3":"status-publish","4":"has-post-thumbnail","6":"product_cat-accessoires","7":"product_tag-jausenbrett","8":"product_tag-jausenbrett-aus-holz","9":"product_tag-jausenbrett-mit-gravur","10":"product_tag-jausnbrettl","11":"product_tag-jausnbrettl-aus-holz","12":"product_tag-personalisiertes-jausenbrett","13":"product_tag-personalisiertes-schneidbrett","14":"product_tag-schneidbrett","15":"product_tag-schneidbrett-aus-holz","16":"product_shipping_class-versandtasche_textil","18":"first","19":"instock","20":"shipping-taxable","21":"purchasable","22":"product-type-simple"},"aioseo_notices":[],"_links":{"self":[{"href":"https:\/\/werktraum33.at\/shop\/wp-json\/wp\/v2\/product\/1274","targetHints":{"allow":["GET"]}}],"collection":[{"href":"https:\/\/werktraum33.at\/shop\/wp-json\/wp\/v2\/product"}],"about":[{"href":"https:\/\/werktraum33.at\/shop\/wp-json\/wp\/v2\/types\/product"}],"replies":[{"embeddable":true,"href":"https:\/\/werktraum33.at\/shop\/wp-json\/wp\/v2\/comments?post=1274"}],"wp:featuredmedia":[{"embeddable":true,"href":"https:\/\/werktraum33.at\/shop\/wp-json\/wp\/v2\/media\/1271"}],"wp:attachment":[{"href":"https:\/\/werktraum33.at\/shop\/wp-json\/wp\/v2\/media?parent=1274"}],"wp:term":[{"taxonomy":"product_brand","embeddable":true,"href":"https:\/\/werktraum33.at\/shop\/wp-json\/wp\/v2\/product_brand?post=1274"},{"taxonomy":"product_cat","embeddable":true,"href":"https:\/\/werktraum33.at\/shop\/wp-json\/wp\/v2\/product_cat?post=1274"},{"taxonomy":"product_tag","embeddable":true,"href":"https:\/\/werktraum33.at\/shop\/wp-json\/wp\/v2\/product_tag?post=1274"}],"curies":[{"name":"wp","href":"https:\/\/api.w.org\/{rel}","templated":true}]}}