{"id":1269,"date":"2026-03-17T06:50:04","date_gmt":"2026-03-17T05:50:04","guid":{"rendered":"https:\/\/werktraum33.at\/shop\/?post_type=product&#038;p=1269"},"modified":"2026-03-18T18:05:44","modified_gmt":"2026-03-18T17:05:44","slug":"personalisierbarer-oster-geschenkanhaenger-aus-holz","status":"publish","type":"product","link":"https:\/\/werktraum33.at\/shop\/produkt\/personalisierbarer-oster-geschenkanhaenger-aus-holz\/","title":{"rendered":"Personalisierbarer Oster-Geschenkanh\u00e4nger aus Holz"},"content":{"rendered":"<h2 class=\"otQkpb\" role=\"heading\" aria-level=\"3\" data-complete=\"true\" data-processed=\"true\"><strong class=\"Yjhzub\" data-sfc-cb=\"\" data-complete=\"true\">Personalisierter Oster-Geschenkanh\u00e4nger aus Holz \u2013 3 H\u00e4schen mit Wunschname<\/strong><\/h2>\n<h3 class=\"Y3BBE\" data-hveid=\"CAEIAxAA\" data-complete=\"true\" data-processed=\"true\"><strong class=\"Yjhzub\" data-sfc-cb=\"\" data-complete=\"true\" data-processed=\"true\">Einzigartige Ostergr\u00fc\u00dfe, die von Herzen kommen<\/strong><\/h3>\n<p class=\"Y3BBE\" data-hveid=\"CAEIAxAA\" data-complete=\"true\" data-processed=\"true\">Mache deine Ostergeschenke in diesem Jahr zu etwas ganz Besonderem! Unser liebevoll gestalteter Geschenkanh\u00e4nger aus Holz vereint traditionelles Handwerk mit modernem Design.<br \/>\nDas niedliche Motiv mit drei kleinen H\u00e4schen und dem klassischen Schriftzug \u201eFrohe Ostern\u201c zaubert sofort ein L\u00e4cheln in jedes Gesicht.<\/p>\n<h3 class=\"Y3BBE\" data-hveid=\"CAEIBBAA\" data-complete=\"true\" data-processed=\"true\"><strong class=\"Yjhzub\" data-sfc-cb=\"\" data-complete=\"true\" data-processed=\"true\">Individuell f\u00fcr deine Liebsten<\/strong><\/h3>\n<p class=\"Y3BBE\" data-hveid=\"CAEIBBAA\" data-complete=\"true\" data-processed=\"true\">Das Highlight: Wir personalisieren jeden Anh\u00e4nger mit deinem\u00a0<strong class=\"Yjhzub\" data-sfc-cb=\"\" data-complete=\"true\" data-processed=\"true\">Wunschnamen<\/strong>.<br \/>\nEgal ob f\u00fcr Kinder, die stolz ihren Namen auf dem Osternest suchen, oder als edles Platzk\u00e4rtchen f\u00fcr die festliche Tafel \u2013 durch die individuelle Gravur wird aus einer einfachen Verpackung ein bleibendes Erinnerungsst\u00fcck.<\/p>\n<h3 class=\"Y3BBE\" data-hveid=\"CAEIBRAA\" data-complete=\"true\" data-processed=\"true\"><strong class=\"Yjhzub\" data-sfc-cb=\"\" data-complete=\"true\" data-processed=\"true\">Nachhaltig &amp; Vielseitig einsetzbar<\/strong><\/h3>\n<div class=\"Y3BBE\" data-sfc-cp=\"\" data-sfc-cb=\"\" data-hveid=\"CAEIBRAA\" data-complete=\"true\" data-processed=\"true\">Schluss mit Einweg-Etiketten! Unser Holzanh\u00e4nger ist eine umweltfreundliche Alternative, die jedes Jahr aufs Neue Freude bereitet.<\/div>\n<div class=\"Y3BBE\" data-sfc-cp=\"\" data-sfc-cb=\"\" data-hveid=\"CAEIBRAA\" data-complete=\"true\" data-processed=\"true\">Dank der nat\u00fcrlichen Optik passt er perfekt zum angesagten Scandi-Style oder Landhaus-Look.<\/div>\n<h3 class=\"Y3BBE\" data-hveid=\"CAEIBhAA\" data-complete=\"true\" data-processed=\"true\"><strong class=\"Yjhzub\" data-sfc-cb=\"\" data-complete=\"true\" data-processed=\"true\">Deine Vorteile auf einen Blick:<\/strong><\/h3>\n<ul class=\"KsbFXc U6u95\" data-sfc-cb=\"\" data-complete=\"true\" data-processed=\"true\">\n<li class=\"dF3vjf\" data-sfc-cb=\"\" data-hveid=\"CAEIBxAA\" data-complete=\"true\" data-sae=\"\"><span class=\"T286Pc\" data-sfc-cp=\"\" data-sfc-cb=\"\" data-complete=\"true\"><strong class=\"Yjhzub\" data-sfc-cb=\"\" data-complete=\"true\">Echte Personalisierung:<\/strong> hochpr\u00e4zise Gravur deines Wunschnamens.<\/span><\/li>\n<li class=\"dF3vjf\" data-sfc-cb=\"\" data-hveid=\"CAEIBxAB\" data-complete=\"true\" data-sae=\"\"><span class=\"T286Pc\" data-sfc-cp=\"\" data-sfc-cb=\"\" data-complete=\"true\"><strong class=\"Yjhzub\" data-sfc-cb=\"\" data-complete=\"true\">Niedliches Design:<\/strong> drei Hasen-Silhouetten &amp; \u201eFrohe Ostern\u201c-Schriftzug.<\/span><\/li>\n<li class=\"dF3vjf\" data-sfc-cb=\"\" data-hveid=\"CAEIBxAC\" data-complete=\"true\" data-sae=\"\"><span class=\"T286Pc\" data-sfc-cp=\"\" data-sfc-cb=\"\" data-complete=\"true\"><strong class=\"Yjhzub\" data-sfc-cb=\"\" data-complete=\"true\">Naturprodukt:<\/strong> gefertigt aus langlebigem Echtholz.<\/span><\/li>\n<li class=\"dF3vjf\" data-sfc-cb=\"\" data-hveid=\"CAEIBxAD\" data-complete=\"true\" data-sae=\"\"><span class=\"T286Pc\" data-sfc-cp=\"\" data-sfc-cb=\"\" data-complete=\"true\"><strong class=\"Yjhzub\" data-sfc-cb=\"\" data-complete=\"true\">Multitalent:<\/strong> ideal als Geschenkanh\u00e4nger, Baumschmuck f\u00fcr den Osterstrauch oder personalisierte Tischdeko.<\/span><\/li>\n<\/ul>\n<p><strong class=\"Yjhzub\" data-sfc-cb=\"\" data-complete=\"true\" data-processed=\"true\" aria-owns=\"action-menu-parent-container\">Bestelle jetzt dein Unikat und mache das Osterfest f\u00fcr deine Familie unvergesslich!<\/strong><\/p>\n<p>Weitere Informationen findest du auch in unseren\u00a0<a title=\"FAQ - H\u00e4ufige Fragen und Antworten rund um unsere Produkte\" href=\"https:\/\/werktraum33.at\/shop\/faq\/\" target=\"_blank\" rel=\"noopener\">FAQs<\/a>.<\/p>\n","protected":false},"excerpt":{"rendered":"<h2 class=\"Y3BBE\" data-hveid=\"CAEIAhAA\" data-complete=\"true\" data-processed=\"true\"><strong class=\"Yjhzub\" data-sfc-cb=\"\" data-complete=\"true\" data-processed=\"true\">Verleihe deinen Ostergeschenken eine ganz pers\u00f6nliche Note!<\/strong><\/h2>\n<div class=\"Y3BBE\" data-sfc-cp=\"\" data-sfc-cb=\"\" data-hveid=\"CAEIAhAA\" data-complete=\"true\" data-processed=\"true\">Dieser liebevoll gefertigte\u00a0<strong class=\"Yjhzub\" data-sfc-cb=\"\" data-complete=\"true\" data-processed=\"true\">Geschenkanh\u00e4nger aus Holz<\/strong> ist das Highlight in jedem Osternest.<\/div>\n<div class=\"Y3BBE\" data-sfc-cp=\"\" data-sfc-cb=\"\" data-hveid=\"CAEIAhAA\" data-complete=\"true\" data-processed=\"true\">Mit dem zeitlosen Motiv von\u00a0<strong class=\"Yjhzub\" data-sfc-cb=\"\" data-complete=\"true\" data-processed=\"true\">drei kleinen H\u00e4schen<\/strong> und dem Schriftzug \u201eFrohe Ostern\u201c sorgt er f\u00fcr echte Fr\u00fchlingsgef\u00fchle.<\/div>\n<div data-sfc-cp=\"\" data-sfc-cb=\"\" data-hveid=\"CAEIAhAA\" data-complete=\"true\" data-processed=\"true\"><\/div>\n<div class=\"Y3BBE\" data-sfc-cp=\"\" data-sfc-cb=\"\" data-hveid=\"CAEIAhAA\" data-complete=\"true\" data-processed=\"true\"><strong class=\"Yjhzub\" data-sfc-cb=\"\" data-complete=\"true\" data-processed=\"true\">Das Besondere:<\/strong> wir gravieren deinen\u00a0<strong class=\"Yjhzub\" data-sfc-cb=\"\" data-complete=\"true\" data-processed=\"true\">Wunschnamen<\/strong> direkt auf das Holz, was den Anh\u00e4nger zu einem unverwechselbaren Einzelst\u00fcck macht.<\/div>\n<div class=\"Y3BBE\" data-sfc-cp=\"\" data-sfc-cb=\"\" data-hveid=\"CAEIAhAA\" data-complete=\"true\" data-processed=\"true\">Ob als edle Geschenkverpackung oder nachhaltige Deko am Osterstrauch \u2013 dieses Namensschild bleibt garantiert in Erinnerung.<\/div>\n","protected":false},"featured_media":1270,"comment_status":"open","ping_status":"closed","template":"","meta":[],"product_brand":[],"product_cat":[94],"product_tag":[],"class_list":{"0":"post-1269","1":"product","2":"type-product","3":"status-publish","4":"has-post-thumbnail","6":"product_cat-saisonales","7":"product_shipping_class-versandtasche_textil","9":"first","10":"instock","11":"shipping-taxable","12":"purchasable","13":"product-type-simple"},"aioseo_notices":[],"_links":{"self":[{"href":"https:\/\/werktraum33.at\/shop\/wp-json\/wp\/v2\/product\/1269","targetHints":{"allow":["GET"]}}],"collection":[{"href":"https:\/\/werktraum33.at\/shop\/wp-json\/wp\/v2\/product"}],"about":[{"href":"https:\/\/werktraum33.at\/shop\/wp-json\/wp\/v2\/types\/product"}],"replies":[{"embeddable":true,"href":"https:\/\/werktraum33.at\/shop\/wp-json\/wp\/v2\/comments?post=1269"}],"wp:featuredmedia":[{"embeddable":true,"href":"https:\/\/werktraum33.at\/shop\/wp-json\/wp\/v2\/media\/1270"}],"wp:attachment":[{"href":"https:\/\/werktraum33.at\/shop\/wp-json\/wp\/v2\/media?parent=1269"}],"wp:term":[{"taxonomy":"product_brand","embeddable":true,"href":"https:\/\/werktraum33.at\/shop\/wp-json\/wp\/v2\/product_brand?post=1269"},{"taxonomy":"product_cat","embeddable":true,"href":"https:\/\/werktraum33.at\/shop\/wp-json\/wp\/v2\/product_cat?post=1269"},{"taxonomy":"product_tag","embeddable":true,"href":"https:\/\/werktraum33.at\/shop\/wp-json\/wp\/v2\/product_tag?post=1269"}],"curies":[{"name":"wp","href":"https:\/\/api.w.org\/{rel}","templated":true}]}}