{"id":1253,"date":"2026-03-13T19:04:57","date_gmt":"2026-03-13T18:04:57","guid":{"rendered":"https:\/\/werktraum33.at\/shop\/?post_type=product&#038;p=1253"},"modified":"2026-04-08T05:32:36","modified_gmt":"2026-04-08T03:32:36","slug":"personalisierbarer-schluesselanhaenger-aus-holz","status":"publish","type":"product","link":"https:\/\/werktraum33.at\/shop\/produkt\/personalisierbarer-schluesselanhaenger-aus-holz\/","title":{"rendered":"Personalisierbarer Schl\u00fcsselanh\u00e4nger aus Holz"},"content":{"rendered":"<div class=\"Y3BBE\" data-sfc-cp=\"\" data-sfc-cb=\"\" data-hveid=\"CAEICxAA\" data-complete=\"true\" data-processed=\"true\">\n<h2>Handgefertigte Pr\u00e4zision: Dein Wunschdesign auf edlem Holz<\/h2>\n<p>Holz ist ein Werkstoff mit Charakter.<br \/>\nJeder <strong>Holz-Schl\u00fcsselanh\u00e4nger<\/strong> erz\u00e4hlt durch seine Maserung eine eigene Geschichte \u2013 und mit deiner individuellen Gravur f\u00fcgen wir das wichtigste Kapitel hinzu.<br \/>\nIn unserer Manufaktur veredeln wir dein Geschenk aus Holz, um deine Ideen dauerhaft und detailgetreu festzuhalten.<\/p>\n<h3>Warum unser gravierter Schl\u00fcsselanh\u00e4nger \u00fcberzeugt:<\/h3>\n<ul>\n<li><strong>Maximale Gestaltungsfreiheit:<\/strong> Du bist der Designer! Ob ein inspirierender Spruch, ein Name oder ein Datum \u2013 wir gravieren deinen Schl\u00fcsselanh\u00e4nger personalisiert nach deinen Vorstellungen.<\/li>\n<li><strong>Haptik &amp; Optik auf h\u00f6chstem Niveau:<\/strong> Wir verwenden ausschlie\u00dflich hochwertiges, glatt geschliffenes Qualit\u00e4tsholz. Die dunkle Gravur bildet einen edlen Kontrast zur nat\u00fcrlichen Holzoberfl\u00e4che.<\/li>\n<li><strong>Das perfekte Geschenk f\u00fcr jeden Anlass:<\/strong> Ob zum Einzug, zum ersten Auto oder als Gl\u00fccksbringer \u2013 personalisierte Geschenke zeigen besondere Wertsch\u00e4tzung.<\/li>\n<li><strong>Langlebig &amp; Nachhaltig:<\/strong> Ein Holzartikel mit Gravur ist ein treuer Begleiter f\u00fcr viele Jahre, der stetig an ideellem Wert gewinnt.<\/li>\n<\/ul>\n<p>Weitere Informationen findest du auch in unseren\u00a0<a title=\"FAQ - H\u00e4ufige Fragen und Antworten rund um unsere Produkte\" href=\"https:\/\/werktraum33.at\/shop\/faq\/\" target=\"_blank\" rel=\"noopener\">FAQs<\/a>.<\/p>\n<\/div>\n","protected":false},"excerpt":{"rendered":"<h2><strong class=\"Yjhzub\" data-sfc-cb=\"\" data-complete=\"true\" data-processed=\"true\">Echt Holz. Echt Du.<\/strong><\/h2>\n<h3><strong class=\"Yjhzub\" data-sfc-cb=\"\" data-complete=\"true\" data-processed=\"true\">Dein personalisiertes Unikat mit Gravur.<\/strong><\/h3>\n<p>Verleihe deinem Alltag eine pers\u00f6nliche Note!<br \/>\nOb als besonderes Geschenk oder f\u00fcr dich selbst \u2013 unser hochwertiges <strong class=\"Yjhzub\" data-sfc-cb=\"\" data-complete=\"true\" data-processed=\"true\">Naturholz-Produkt<\/strong>\u00a0wird durch deine individuelle\u00a0<strong class=\"Yjhzub\" data-sfc-cb=\"\" data-complete=\"true\" data-processed=\"true\">Wunschgravur<\/strong> zum Einzelst\u00fcck.<br \/>\nW\u00e4hle unser Herz-Motiv oder gestalte Text und Symbol ganz nach deinen Vorstellungen.<br \/>\nBitte beachte, dass das Symbol in der Gr\u00f6\u00dfe des Herzens sein wird.<\/p>\n<p><strong class=\"Yjhzub\" data-sfc-cb=\"\" data-complete=\"true\" data-processed=\"true\" aria-owns=\"action-menu-parent-container\">Pr\u00e4zise Technik trifft auf rustikalen Charme.<\/strong><\/p>\n","protected":false},"featured_media":1268,"comment_status":"open","ping_status":"closed","template":"","meta":[],"product_brand":[],"product_cat":[25],"product_tag":[276,275,274,272,273,271],"class_list":{"0":"post-1253","1":"product","2":"type-product","3":"status-publish","4":"has-post-thumbnail","6":"product_cat-accessoires","7":"product_tag-echtholz-gravur","8":"product_tag-geschenk-zum-einzug","9":"product_tag-gluecksbringer-holz","10":"product_tag-holzanhaenger-mit-gravur","11":"product_tag-personalisierter-schluesselanhaenger","12":"product_tag-schluesselanhaenger-holz","13":"product_shipping_class-versandtasche_textil","15":"first","16":"instock","17":"shipping-taxable","18":"purchasable","19":"product-type-variable","20":"has-default-attributes"},"aioseo_notices":[],"_links":{"self":[{"href":"https:\/\/werktraum33.at\/shop\/wp-json\/wp\/v2\/product\/1253","targetHints":{"allow":["GET"]}}],"collection":[{"href":"https:\/\/werktraum33.at\/shop\/wp-json\/wp\/v2\/product"}],"about":[{"href":"https:\/\/werktraum33.at\/shop\/wp-json\/wp\/v2\/types\/product"}],"replies":[{"embeddable":true,"href":"https:\/\/werktraum33.at\/shop\/wp-json\/wp\/v2\/comments?post=1253"}],"wp:featuredmedia":[{"embeddable":true,"href":"https:\/\/werktraum33.at\/shop\/wp-json\/wp\/v2\/media\/1268"}],"wp:attachment":[{"href":"https:\/\/werktraum33.at\/shop\/wp-json\/wp\/v2\/media?parent=1253"}],"wp:term":[{"taxonomy":"product_brand","embeddable":true,"href":"https:\/\/werktraum33.at\/shop\/wp-json\/wp\/v2\/product_brand?post=1253"},{"taxonomy":"product_cat","embeddable":true,"href":"https:\/\/werktraum33.at\/shop\/wp-json\/wp\/v2\/product_cat?post=1253"},{"taxonomy":"product_tag","embeddable":true,"href":"https:\/\/werktraum33.at\/shop\/wp-json\/wp\/v2\/product_tag?post=1253"}],"curies":[{"name":"wp","href":"https:\/\/api.w.org\/{rel}","templated":true}]}}