{"id":31,"date":"2026-01-03T19:42:06","date_gmt":"2026-01-03T19:42:06","guid":{"rendered":"https:\/\/werktraum33.at\/shop\/impressum\/"},"modified":"2026-04-08T05:53:36","modified_gmt":"2026-04-08T03:53:36","slug":"impressum","status":"publish","type":"page","link":"https:\/\/werktraum33.at\/shop\/impressum\/","title":{"rendered":"Impressum"},"content":{"rendered":"\n<div class=\"wp-block-group alignfull is-style-ext-preset--group--natural-1--section has-background has-global-padding is-layout-constrained wp-container-core-group-is-layout-6150fac0 wp-block-group-is-layout-constrained is-style-ext-preset--group--natural-1--section--1\" style=\"background:linear-gradient(90deg,rgba(250,240,220,0.79) 0%,rgb(255,255,255) 48%,rgb(251,219,219) 100%);margin-top:0;margin-bottom:0;padding-top:var(--wp--preset--spacing--70);padding-bottom:var(--wp--preset--spacing--70)\">\n<h2 class=\"wp-block-heading\">Angaben gem\u00e4\u00df \u00a7 5 TMG, \u00a7 24 Mediengesetz (\u00d6sterreich) und EU-Richtlinien:<br><\/h2>\n\n\n\n<p style=\"margin-top:0px;margin-bottom:0px\"><strong>Gerlinde K\u00f6hler &#8211; werk(t)raum33<\/strong><br>Anton-Krenn-Stra\u00dfe 33<br>2540 Bad V\u00f6slau<br>\u00d6sterreich<br><br>Telefon: +43 680 160 97 46<br>E-Mail: office@werktraum33.at<\/p>\n\n\n\n<p>Inhaberin: Gerlinde K\u00f6hler<br>Gesellschaftsform: Einzelunternehmen<br>Beh\u00f6rde:&nbsp;Bezirkshauptmannschaft Baden<br>Zust\u00e4ndige Kammer:&nbsp;Wirtschaftskammer Nieder\u00f6sterreich<br>UID-Nummer:&nbsp;ATU82785425<\/p>\n\n\n\n<p><strong>Anwendbare Rechtsvorschriften:<\/strong><br>Gewerbeordnung (abrufbar unter&nbsp;<a href=\"https:\/\/www.werktraum33.at\/www.ris.bka.gv.at\">www.ris.bka.gv.at<\/a>)<\/p>\n\n\n\n<p><strong>Gewerbe:<\/strong><br>Erzeugung von kunstgewerblichen Zier- und Schmuckgegenst\u00e4nden aus unedlen Metallen,<br>Draht, Gips, Beton, Holz, Horn, Kunststoff, Leder, textilen Materialien, Stroh, Papier und Glas-<br>elementen, Gem\u00fcse und Obst sowie durch F\u00e4deln von Edelsteinen, Silber-, Glas-, Kunststoff- <br>und Filzelementen und das Bemalen und das Verzieren von Holz, Keramik, Porzellan, Seide,<br>Textilien, Billets und Wachswaren<\/p>\n\n\n\n<p>GISA-Nummer: 39165510<\/p>\n\n\n\n<p><strong>Haftungsausschluss:<\/strong><\/p>\n\n\n\n<p>1. Inhalt des Onlineangebotes<br>Wir \u00fcbernehmen keine Gew\u00e4hr f\u00fcr die Aktualit\u00e4t, Korrektheit, Vollst\u00e4ndigkeit oder Qualit\u00e4t der bereitgestellten Informationen. Haftungsanspr\u00fcche, die durch die Nutzung oder Nichtnutzung der angebotenen Informationen entstehen, sind ausgeschlossen, sofern kein nachweislich vors\u00e4tzliches oder grob fahrl\u00e4ssiges Verschulden vorliegt.<br>Alle Angebote sind freibleibend und unverbindlich. Wir behalten uns vor, Inhalte jederzeit ohne Ank\u00fcndigung zu \u00e4ndern oder zu entfernen.<\/p>\n\n\n\n<p>2. Verweise und Links<br>Bei direkten oder indirekten Verweisen auf fremde Webseiten (\u201eHyperlinks\u201c), die au\u00dferhalb unseres Verantwortungsbereiches liegen, haften wir nur, wenn wir von rechtswidrigen Inhalten Kenntnis haben und deren Nutzung technisch m\u00f6glich und zumutbar w\u00e4re.<\/p>\n\n\n\n<p>3. Urheber- und Kennzeichenrecht<br>Alle Inhalte und Werke auf der Website von werk(t)raum33 sind urheberrechtlich gesch\u00fctzt. Eine Vervielf\u00e4ltigung, Bearbeitung oder Verbreitung ist ohne unsere ausdr\u00fcckliche Zustimmung nicht gestattet. Weitere Details findest du in unseren <a href=\"https:\/\/werktraum33.at\/shop\/agb\/\" target=\"_blank\" rel=\"noopener\" title=\"\">AGBs<\/a> Punkt 5.<\/p>\n\n\n\n<p>4. Datenschutz<br>Der Schutz deiner Daten ist uns wichtig. Informationen zur Verarbeitung personenbezogener Daten findest du in unseren <a href=\"https:\/\/werktraum33.at\/shop\/agb\/\" target=\"_blank\" rel=\"noopener\" title=\"\">AGBs<\/a> Punkt 14.<\/p>\n\n\n\n<p>5. Rechtswirksamkeit dieses Haftungsausschlusses<br>Sollten Teile dieses Textes der geltenden Rechtslage nicht entsprechen, bleiben die \u00fcbrigen Bestimmungen davon unber\u00fchrt.<\/p>\n\n\n\n<p><strong>Online-Streitbeilegung gem\u00e4\u00df Art. 14 Abs. 1 ODR-VO:<\/strong><br>Die Europ\u00e4ische Kommission stellt eine Plattform zur Online-Streitbeilegung (OS) bereit:&nbsp;<a href=\"https:\/\/ec.europa.eu\/consumers\/odr\">https:\/\/ec.europa.eu\/consumers\/odr<\/a>.<\/p>\n<\/div>\n","protected":false},"excerpt":{"rendered":"<p>Angaben gem\u00e4\u00df \u00a7 5 TMG, \u00a7 24 Mediengesetz (\u00d6sterreich) und EU-Richtlinien: Gerlinde K\u00f6hler &#8211; werk(t)raum33Anton-Krenn-Stra\u00dfe 332540 Bad V\u00f6slau\u00d6sterreich Telefon: +43 680 160 97 46E-Mail: office@werktraum33.at Inhaberin: Gerlinde K\u00f6hlerGesellschaftsform: EinzelunternehmenBeh\u00f6rde:&nbsp;Bezirkshauptmannschaft BadenZust\u00e4ndige Kammer:&nbsp;Wirtschaftskammer Nieder\u00f6sterreichUID-Nummer:&nbsp;ATU82785425 Anwendbare Rechtsvorschriften:Gewerbeordnung (abrufbar unter&nbsp;www.ris.bka.gv.at) Gewerbe:Erzeugung von kunstgewerblichen Zier- und Schmuckgegenst\u00e4nden aus unedlen Metallen,Draht, Gips, Beton, Holz, Horn, Kunststoff, Leder, textilen Materialien, Stroh, Papier [&hellip;]<\/p>\n","protected":false},"author":1,"featured_media":0,"parent":0,"menu_order":0,"comment_status":"closed","ping_status":"closed","template":"page-with-title","meta":{"footnotes":""},"class_list":["post-31","page","type-page","status-publish","hentry"],"aioseo_notices":[],"_links":{"self":[{"href":"https:\/\/werktraum33.at\/shop\/wp-json\/wp\/v2\/pages\/31","targetHints":{"allow":["GET"]}}],"collection":[{"href":"https:\/\/werktraum33.at\/shop\/wp-json\/wp\/v2\/pages"}],"about":[{"href":"https:\/\/werktraum33.at\/shop\/wp-json\/wp\/v2\/types\/page"}],"author":[{"embeddable":true,"href":"https:\/\/werktraum33.at\/shop\/wp-json\/wp\/v2\/users\/1"}],"replies":[{"embeddable":true,"href":"https:\/\/werktraum33.at\/shop\/wp-json\/wp\/v2\/comments?post=31"}],"version-history":[{"count":8,"href":"https:\/\/werktraum33.at\/shop\/wp-json\/wp\/v2\/pages\/31\/revisions"}],"predecessor-version":[{"id":1444,"href":"https:\/\/werktraum33.at\/shop\/wp-json\/wp\/v2\/pages\/31\/revisions\/1444"}],"wp:attachment":[{"href":"https:\/\/werktraum33.at\/shop\/wp-json\/wp\/v2\/media?parent=31"}],"curies":[{"name":"wp","href":"https:\/\/api.w.org\/{rel}","templated":true}]}}