{"id":305,"date":"2026-01-22T06:27:59","date_gmt":"2026-01-22T05:27:59","guid":{"rendered":"https:\/\/werktraum33.at\/shop\/?page_id=305"},"modified":"2026-02-01T14:30:38","modified_gmt":"2026-02-01T13:30:38","slug":"ueber-mich","status":"publish","type":"page","link":"https:\/\/werktraum33.at\/shop\/ueber-mich\/","title":{"rendered":"\u00dcber mich &#038; werk(t)raum33 \u2013 wo Kreativit\u00e4t Herzen ber\u00fchrt!"},"content":{"rendered":"\n<p>Servus und herzlich willkommen!<\/p>\n\n\n\n<div class=\"wp-block-group is-nowrap is-layout-flex wp-container-core-group-is-layout-6c531013 wp-block-group-is-layout-flex\">\n<p>Mein Name ist Gerlinde und ich lebe mit meiner Familie in Gro\u00dfau. Ich bin verheiratet und stolze Mama von zwei wundervollen Kindern.<br>Urspr\u00fcnglich habe ich den Beruf der Buchhalterin gelernt \u2013 und durfte ihn \u00fcber viele Jahre mit Freude aus\u00fcben.<\/p>\n<\/div>\n\n\n\n<p>Doch irgendwann wuchs in mir der Wunsch nach mehr Freiheit und Raum f\u00fcr Kreativit\u00e4t.<br>Ich begann, eigene Dinge zu n\u00e4hen und entdeckte dabei meine Leidenschaft f\u00fcr Handarbeit.<br>W\u00e4hrend meiner Karenz versch\u00f6nerte ich Alltagsgegenst\u00e4nde mit Serviettentechnik, goss dekorative Elemente aus Raysin und Epoxidharz<br>und lie\u00df meiner Fantasie bei verschiedensten Bastelideen freien Lauf.<\/p>\n\n\n\n<p>Dann kam der Moment, der alles ver\u00e4nderte: Ich entdeckte das <a href=\"http:\/\/www.werktraum33.at\/shop\/faq\/#faq_maschinensticken\" title=\"Maschinensticken\">Maschinensticken<\/a> \u2013 und war sofort fasziniert!<br>Besonders die Arbeit mit <a href=\"https:\/\/werktraum33.at\/shop\/faq\/#faq_embroidery\" title=\"FAQ\">ITH-Stickdateien<\/a> wurde schnell zu meiner bevorzugten Technik, weil sie so viele kreative M\u00f6glichkeiten er\u00f6ffnet.<br>Mit jeder neuen Datei wuchs meine Begeisterung. Gleichzeitig entwickelte sich das Plotten zu einem ebenso wichtigen Teil meiner kreativen Arbeit \u2013 beide Techniken er\u00f6ffnen mir unterschiedliche M\u00f6glichkeiten, meine Ideen umzusetzen.<br>Bald erweiterte ich mein kreatives Repertoire um das Sublimieren &#8211; und so entstand nach und nach mein Herzensprojekt &#8211; <strong>werk(t)raum<span style=\"color:#daa520;\">33<\/span><\/strong>.<\/p>\n\n\n\n<p><strong>werk(t)raum<span style=\"color:#daa520;\">33<\/span><\/strong> ist f\u00fcr mich mehr als ein <a href=\"https:\/\/werktraum33.at\/shop\/shop\/\" title=\"Shop\">Shop<\/a>: Es ist ein Ort, an dem Ideen lebendig werden und kleine Tr\u00e4ume Gestalt annehmen.<br>Hier gestalte ich <strong>individuelle Designs f\u00fcr <a href=\"https:\/\/werktraum33.at\/shop\/produkt-schlagwort\/baby-body\/\" title=\"Baby-Body\">Babybekleidung<\/a><\/strong>, <strong><a href=\"https:\/\/werktraum33.at\/shop\/produkt\/keramik-tasse-personalisiert-mit-geschenkverpackung\/\" title=\"Keramik-Tasse personalisiert (Geschenkverpackung)\">personalisierte Tassen<\/a><\/strong> und <strong>besondere <\/strong><a href=\"https:\/\/werktraum33.at\/shop\/produkt\/emaille-tasse-schulkind\/\" title=\"Endlich Schulkind \u2013 personalisierte Emaille-Tasse\"><strong>Geschenkideen<\/strong><\/a> mit viel Liebe zum Detail.<br>Jedes meiner Werke entsteht mit dem Ziel, Freude und W\u00e4rme in den Alltag zu bringen \u2013 und ein L\u00e4cheln ins Gesicht zu zaubern.<br><strong>Qualit\u00e4t liegt mir am Herzen<\/strong>: mit hochwertigen Materialien und pr\u00e4ziser Handarbeit wird jedes Werk zu etwas Besonderem.<\/p>\n\n\n\n<p>Wenn ich nicht gerade neue Designs entwerfe, genie\u00dfe ich die Zeit mit meiner Familie und lasse mich von den kleinen Dingen des Lebens inspirieren.<br>Meine Mission ist es, mit jedem Produkt ein St\u00fcck Freude zu schenken und die Welt ein bisschen bunter zu machen.<\/p>\n\n\n\n<figure class=\"wp-block-image aligncenter size-medium is-resized\"><img loading=\"lazy\" decoding=\"async\" width=\"282\" height=\"300\" src=\"https:\/\/werktraum33.at\/shop\/wp-content\/uploads\/2026\/02\/Gerlinde-282x300.webp\" alt=\"\" class=\"wp-image-704\" style=\"width:200px\" srcset=\"https:\/\/werktraum33.at\/shop\/wp-content\/uploads\/2026\/02\/Gerlinde-282x300.webp 282w, https:\/\/werktraum33.at\/shop\/wp-content\/uploads\/2026\/02\/Gerlinde-600x638.webp 600w, https:\/\/werktraum33.at\/shop\/wp-content\/uploads\/2026\/02\/Gerlinde-963x1024.webp 963w, https:\/\/werktraum33.at\/shop\/wp-content\/uploads\/2026\/02\/Gerlinde-768x817.webp 768w, https:\/\/werktraum33.at\/shop\/wp-content\/uploads\/2026\/02\/Gerlinde.webp 1023w\" sizes=\"auto, (max-width: 282px) 100vw, 282px\" \/><\/figure>\n\n\n\n<p class=\"has-text-align-center\"><strong>werk(t)raum<span style=\"color:#daa520;\">33<\/span> \u2013 <strong>wo Kreativit\u00e4t Herzen ber\u00fchrt<\/strong>!<\/strong><\/p>\n","protected":false},"excerpt":{"rendered":"<p>Servus und herzlich willkommen! Mein Name ist Gerlinde und ich lebe mit meiner Familie in Gro\u00dfau. Ich bin verheiratet und stolze Mama von zwei wundervollen Kindern.Urspr\u00fcnglich habe ich den Beruf der Buchhalterin gelernt \u2013 und durfte ihn \u00fcber viele Jahre mit Freude aus\u00fcben. Doch irgendwann wuchs in mir der Wunsch nach mehr Freiheit und Raum [&hellip;]<\/p>\n","protected":false},"author":3,"featured_media":0,"parent":0,"menu_order":0,"comment_status":"closed","ping_status":"closed","template":"page-with-title","meta":{"footnotes":""},"class_list":["post-305","page","type-page","status-publish","hentry"],"aioseo_notices":[],"_links":{"self":[{"href":"https:\/\/werktraum33.at\/shop\/wp-json\/wp\/v2\/pages\/305","targetHints":{"allow":["GET"]}}],"collection":[{"href":"https:\/\/werktraum33.at\/shop\/wp-json\/wp\/v2\/pages"}],"about":[{"href":"https:\/\/werktraum33.at\/shop\/wp-json\/wp\/v2\/types\/page"}],"author":[{"embeddable":true,"href":"https:\/\/werktraum33.at\/shop\/wp-json\/wp\/v2\/users\/3"}],"replies":[{"embeddable":true,"href":"https:\/\/werktraum33.at\/shop\/wp-json\/wp\/v2\/comments?post=305"}],"version-history":[{"count":29,"href":"https:\/\/werktraum33.at\/shop\/wp-json\/wp\/v2\/pages\/305\/revisions"}],"predecessor-version":[{"id":708,"href":"https:\/\/werktraum33.at\/shop\/wp-json\/wp\/v2\/pages\/305\/revisions\/708"}],"wp:attachment":[{"href":"https:\/\/werktraum33.at\/shop\/wp-json\/wp\/v2\/media?parent=305"}],"curies":[{"name":"wp","href":"https:\/\/api.w.org\/{rel}","templated":true}]}}