{"id":29,"date":"2026-01-03T19:41:46","date_gmt":"2026-01-03T19:41:46","guid":{"rendered":"https:\/\/werktraum33.at\/shop\/start\/"},"modified":"2026-04-06T11:08:28","modified_gmt":"2026-04-06T09:08:28","slug":"start","status":"publish","type":"page","link":"https:\/\/werktraum33.at\/shop\/","title":{"rendered":"Liebevoll gestaltete personalisierte Geschenke | werk(t)raum33"},"content":{"rendered":"\n<div class=\"wp-block-group alignfull is-style-ext-preset--group--natural-1--section has-background has-global-padding is-layout-constrained wp-block-group-is-layout-constrained is-style-ext-preset--group--natural-1--section--1\" style=\"background:linear-gradient(90deg,rgba(250,240,220,0.79) 0%,rgb(255,255,255) 47%,rgb(251,219,219) 100%);margin-top:0;margin-bottom:0;padding-top:var(--wp--preset--spacing--40);padding-bottom:var(--wp--preset--spacing--40)\">\n<div class=\"wp-block-group alignwide has-background is-vertical is-content-justification-center is-layout-flex wp-container-core-group-is-layout-c9ee0c5a wp-block-group-is-layout-flex\" style=\"background:linear-gradient(160deg,rgba(255,255,255,0) 0%,rgba(250,217,217,0) 100%)\">\n<div class=\"wp-block-group is-nowrap is-layout-flex wp-container-core-group-is-layout-6c531013 wp-block-group-is-layout-flex\">\n<div class=\"wp-block-group has-global-padding is-layout-constrained wp-container-core-group-is-layout-c41c2830 wp-block-group-is-layout-constrained\">\n<h1 class=\"wp-block-heading alignwide has-text-align-center\"><span style=\"color:#daa520;\">Entdecke hier liebevoll personalisierte<span style=\"background-color: rgba(218, 165, 32, 0.2); letter-spacing: -0.02em; display: inline !important;\"> Geschenke!<\/span><\/span><\/h1>\n\n\n\n<hr class=\"wp-block-separator has-alpha-channel-opacity is-style-wide\"\/>\n\n\n\n<p class=\"has-text-align-center\"><strong>Ostern steht vor der T\u00fcr<\/strong>!<br>Hier findest du <strong>individuell mit Namen versehene<\/strong> <strong><a title=\"Saisonales\" href=\"https:\/\/werktraum33.at\/shop\/produkt-kategorie\/saisonales\/\">Osterk\u00f6rbchen<\/a><\/strong><br>und <strong>personalisierbare <a title=\"Saisonales\" href=\"https:\/\/werktraum33.at\/shop\/produkt-kategorie\/saisonales\/\">Baumwoll-Ostersackerl<\/a><\/strong>.<br>Entdecke au\u00dferdem <strong>personalisierbare<\/strong> <strong><a title=\"H\u00e4ferl\" href=\"https:\/\/werktraum33.at\/shop\/produkt-schlagwort\/haeferl\/\">H\u00e4ferl<\/a><\/strong> wie \u201e<strong>Endlich Schulkind<\/strong>\u201c sowie einzigartiges <strong><a title=\"Baby\" href=\"https:\/\/werktraum33.at\/shop\/produkt-kategorie\/baby\/\">Baby-Gewand<\/a><\/strong> und dazupassende, <strong>praktische Accessoires<\/strong>. Jedes Produkt wird sorgf\u00e4ltig von Hand gestaltet \u2013 f\u00fcr Erinnerungen, die bleiben. <br>Jetzt st\u00f6bern und bei werk(t)raum<span style=\"color:#daa520;\">33<\/span> dein pers\u00f6nliches Lieblingsst\u00fcck gestalten!<\/p>\n<\/div>\n<\/div>\n\n\n\n<div class=\"wp-block-buttons is-content-justification-center is-layout-flex wp-container-core-buttons-is-layout-a89b3969 wp-block-buttons-is-layout-flex\"><\/div>\n<\/div>\n<\/div>\n\n\n\n<div class=\"wp-block-group alignfull is-style-ext-preset--group--natural-1--section has-background has-global-padding is-layout-constrained wp-container-core-group-is-layout-300589ff wp-block-group-is-layout-constrained is-style-ext-preset--group--natural-1--section--2\" id=\"produkte\" style=\"background:linear-gradient(90deg,rgba(250,240,220,0.79) 0%,rgb(255,255,255) 52%,rgb(251,219,219) 100%);margin-top:0;margin-bottom:0;padding-top:var(--wp--preset--spacing--40);padding-bottom:var(--wp--preset--spacing--40)\">\n<div class=\"wp-block-columns alignwide is-layout-flex wp-container-core-columns-is-layout-f5a44f5b wp-block-columns-is-layout-flex\">\n<div class=\"wp-block-column is-layout-flow wp-block-column-is-layout-flow\">\n<div class=\"wp-block-buttons is-layout-flex wp-block-buttons-is-layout-flex\">\n<div class=\"wp-block-button is-style-outline is-style-outline--3\"><a class=\"wp-block-button__link has-small-font-size has-custom-font-size wp-element-button\" href=\"https:\/\/werktraum33.at\/shop\/shop\">alle Produkte anzeigen<\/a><\/div>\n<\/div>\n<\/div>\n<\/div>\n\n\n\n<figure class=\"wp-block-gallery has-nested-images columns-4 is-cropped wp-block-gallery-4 is-layout-flex wp-block-gallery-is-layout-flex\">\n<figure class=\"wp-block-image size-medium has-custom-border\"><img loading=\"lazy\" decoding=\"async\" width=\"226\" height=\"300\" data-id=\"1192\" src=\"https:\/\/werktraum33.at\/shop\/wp-content\/uploads\/2026\/03\/Beste-Mama-Holztisch-226x300.webp\" alt=\"Wei\u00dfe Keramik-Tasse zum Muttertag mit dem eleganten Schriftzug \u201eBeste Mama\u201c. | werktraum33\" class=\"wp-image-1192\" style=\"border-top-left-radius:30px;border-top-right-radius:30px;border-bottom-left-radius:30px;border-bottom-right-radius:30px\" srcset=\"https:\/\/werktraum33.at\/shop\/wp-content\/uploads\/2026\/03\/Beste-Mama-Holztisch-226x300.webp 226w, https:\/\/werktraum33.at\/shop\/wp-content\/uploads\/2026\/03\/Beste-Mama-Holztisch-772x1024.webp 772w, https:\/\/werktraum33.at\/shop\/wp-content\/uploads\/2026\/03\/Beste-Mama-Holztisch-768x1019.webp 768w, https:\/\/werktraum33.at\/shop\/wp-content\/uploads\/2026\/03\/Beste-Mama-Holztisch-600x796.webp 600w, https:\/\/werktraum33.at\/shop\/wp-content\/uploads\/2026\/03\/Beste-Mama-Holztisch.webp 880w\" sizes=\"auto, (max-width: 226px) 100vw, 226px\" \/><\/figure>\n\n\n\n<figure class=\"wp-block-image size-large has-custom-border\"><img loading=\"lazy\" decoding=\"async\" width=\"1024\" height=\"772\" data-id=\"1232\" src=\"https:\/\/werktraum33.at\/shop\/wp-content\/uploads\/2026\/03\/Tasse-mit-Bambusuntersetzer-comp-1024x772.webp\" alt=\"Tasse sumblimiert mit Bambusuntersetzer mit Lasergravur\" class=\"wp-image-1232\" style=\"border-top-left-radius:30px;border-top-right-radius:30px;border-bottom-left-radius:30px;border-bottom-right-radius:30px\" srcset=\"https:\/\/werktraum33.at\/shop\/wp-content\/uploads\/2026\/03\/Tasse-mit-Bambusuntersetzer-comp-1024x772.webp 1024w, https:\/\/werktraum33.at\/shop\/wp-content\/uploads\/2026\/03\/Tasse-mit-Bambusuntersetzer-comp-300x226.webp 300w, https:\/\/werktraum33.at\/shop\/wp-content\/uploads\/2026\/03\/Tasse-mit-Bambusuntersetzer-comp-768x579.webp 768w, https:\/\/werktraum33.at\/shop\/wp-content\/uploads\/2026\/03\/Tasse-mit-Bambusuntersetzer-comp-600x452.webp 600w, https:\/\/werktraum33.at\/shop\/wp-content\/uploads\/2026\/03\/Tasse-mit-Bambusuntersetzer-comp.webp 1168w\" sizes=\"auto, (max-width: 1024px) 100vw, 1024px\" \/><\/figure>\n\n\n\n<figure class=\"wp-block-image size-large\"><img loading=\"lazy\" decoding=\"async\" width=\"1024\" height=\"1024\" data-id=\"1034\" src=\"https:\/\/werktraum33.at\/shop\/wp-content\/uploads\/2026\/02\/Zeugnismappe-Magdalena.webp\" alt=\"Zeugnismappe ros\u00e9 mit Namen Magdalena\" class=\"wp-image-1034\" srcset=\"https:\/\/werktraum33.at\/shop\/wp-content\/uploads\/2026\/02\/Zeugnismappe-Magdalena.webp 1024w, https:\/\/werktraum33.at\/shop\/wp-content\/uploads\/2026\/02\/Zeugnismappe-Magdalena-300x300.webp 300w, https:\/\/werktraum33.at\/shop\/wp-content\/uploads\/2026\/02\/Zeugnismappe-Magdalena-150x150.webp 150w, https:\/\/werktraum33.at\/shop\/wp-content\/uploads\/2026\/02\/Zeugnismappe-Magdalena-768x768.webp 768w, https:\/\/werktraum33.at\/shop\/wp-content\/uploads\/2026\/02\/Zeugnismappe-Magdalena-600x600.webp 600w, https:\/\/werktraum33.at\/shop\/wp-content\/uploads\/2026\/02\/Zeugnismappe-Magdalena-100x100.webp 100w\" sizes=\"auto, (max-width: 1024px) 100vw, 1024px\" \/><\/figure>\n\n\n\n<figure class=\"wp-block-image size-large has-custom-border\"><img loading=\"lazy\" decoding=\"async\" width=\"772\" height=\"1024\" data-id=\"620\" src=\"https:\/\/werktraum33.at\/shop\/wp-content\/uploads\/2026\/01\/Erinnerungsbox-Herbert-772x1024.webp\" alt=\"Babybox Premium personalisierbar mit Namen und Geburstdatum\" class=\"wp-image-620\" style=\"border-top-left-radius:30px;border-top-right-radius:30px;border-bottom-left-radius:30px;border-bottom-right-radius:30px\" srcset=\"https:\/\/werktraum33.at\/shop\/wp-content\/uploads\/2026\/01\/Erinnerungsbox-Herbert-772x1024.webp 772w, https:\/\/werktraum33.at\/shop\/wp-content\/uploads\/2026\/01\/Erinnerungsbox-Herbert-600x796.webp 600w, https:\/\/werktraum33.at\/shop\/wp-content\/uploads\/2026\/01\/Erinnerungsbox-Herbert-226x300.webp 226w, https:\/\/werktraum33.at\/shop\/wp-content\/uploads\/2026\/01\/Erinnerungsbox-Herbert-768x1019.webp 768w, https:\/\/werktraum33.at\/shop\/wp-content\/uploads\/2026\/01\/Erinnerungsbox-Herbert.webp 880w\" sizes=\"auto, (max-width: 772px) 100vw, 772px\" \/><\/figure>\n<\/figure>\n<\/div>\n","protected":false},"excerpt":{"rendered":"<p>Entdecke hier liebevoll personalisierte Geschenke! Ostern steht vor der T\u00fcr!Hier findest du individuell mit Namen versehene Osterk\u00f6rbchenund personalisierbare Baumwoll-Ostersackerl.Entdecke au\u00dferdem personalisierbare H\u00e4ferl wie \u201eEndlich Schulkind\u201c sowie einzigartiges Baby-Gewand und dazupassende, praktische Accessoires. Jedes Produkt wird sorgf\u00e4ltig von Hand gestaltet \u2013 f\u00fcr Erinnerungen, die bleiben. Jetzt st\u00f6bern und bei werk(t)raum33 dein pers\u00f6nliches Lieblingsst\u00fcck gestalten!<\/p>\n","protected":false},"author":1,"featured_media":0,"parent":0,"menu_order":0,"comment_status":"closed","ping_status":"closed","template":"no-title-sticky-header","meta":{"footnotes":""},"class_list":["post-29","page","type-page","status-publish","hentry"],"aioseo_notices":[],"_links":{"self":[{"href":"https:\/\/werktraum33.at\/shop\/wp-json\/wp\/v2\/pages\/29","targetHints":{"allow":["GET"]}}],"collection":[{"href":"https:\/\/werktraum33.at\/shop\/wp-json\/wp\/v2\/pages"}],"about":[{"href":"https:\/\/werktraum33.at\/shop\/wp-json\/wp\/v2\/types\/page"}],"author":[{"embeddable":true,"href":"https:\/\/werktraum33.at\/shop\/wp-json\/wp\/v2\/users\/1"}],"replies":[{"embeddable":true,"href":"https:\/\/werktraum33.at\/shop\/wp-json\/wp\/v2\/comments?post=29"}],"version-history":[{"count":92,"href":"https:\/\/werktraum33.at\/shop\/wp-json\/wp\/v2\/pages\/29\/revisions"}],"predecessor-version":[{"id":1439,"href":"https:\/\/werktraum33.at\/shop\/wp-json\/wp\/v2\/pages\/29\/revisions\/1439"}],"wp:attachment":[{"href":"https:\/\/werktraum33.at\/shop\/wp-json\/wp\/v2\/media?parent=29"}],"curies":[{"name":"wp","href":"https:\/\/api.w.org\/{rel}","templated":true}]}}